{"id":91,"date":"2022-05-04T10:48:47","date_gmt":"2022-05-04T10:48:47","guid":{"rendered":"https:\/\/sf.ues.rs.ba\/eng\/?page_id=91"},"modified":"2025-10-15T14:59:55","modified_gmt":"2025-10-15T14:59:55","slug":"phd-marko-subotic-asociate-professor","status":"publish","type":"page","link":"https:\/\/sf.ues.rs.ba\/eng\/index.php\/phd-marko-subotic-asociate-professor\/","title":{"rendered":"Ph.D. Marko Subotic, Full professor"},"content":{"rendered":"\n<figure class=\"wp-block-image\"><img loading=\"lazy\" decoding=\"async\" width=\"150\" height=\"150\" src=\"https:\/\/sf.ues.rs.ba\/eng\/wp-content\/uploads\/2022\/05\/Marko-Subotic-150x150.jpg\" alt=\"\" class=\"wp-image-145\" srcset=\"https:\/\/sf.ues.rs.ba\/eng\/wp-content\/uploads\/2022\/05\/Marko-Subotic-150x150.jpg 150w, https:\/\/sf.ues.rs.ba\/eng\/wp-content\/uploads\/2022\/05\/Marko-Subotic-150x150-55x55.jpg 55w, https:\/\/sf.ues.rs.ba\/eng\/wp-content\/uploads\/2022\/05\/Marko-Subotic-150x150-24x24.jpg 24w, https:\/\/sf.ues.rs.ba\/eng\/wp-content\/uploads\/2022\/05\/Marko-Subotic-150x150-36x36.jpg 36w, https:\/\/sf.ues.rs.ba\/eng\/wp-content\/uploads\/2022\/05\/Marko-Subotic-150x150-48x48.jpg 48w\" sizes=\"auto, (max-width: 150px) 100vw, 150px\" \/><\/figure>\n\n\n\n<p><strong>Name:&nbsp;Marko M. Suboti\u0107<\/strong><\/p>\n\n\n\n<p>Date of birth: 02.06.1979<\/p>\n\n\n\n<p>Place and country of birth: \u010ca\u010dak, Serbia<\/p>\n\n\n\n<p>E mail: marko.subotic@sf.ues.rs.ba<\/p>\n\n\n\n<p><strong>EDUCATION<\/strong><\/p>\n\n\n\n<p><strong>Undergraduate studies<\/strong>: Institution: Faculty of Transport\nand Traffic engineering, University of Belgrade; <\/p>\n\n\n\n<p>Title: Bachelor of Science in Transport and Traffic Engineering Year: 2006<\/p>\n\n\n\n<p><strong>Postgraduate studies<\/strong>: Institution: Faculty of Transport\nand Traffic engineering Doboj, University of East Sarajevo; <\/p>\n\n\n\n<p>Title: Master of Science in Transport and Traffic Engineering Year: 2009<\/p>\n\n\n\n<p><strong>Doctoral\nstudies<\/strong>:&nbsp;Institution:\nFaculty of Transport and Traffic engineering Doboj, University of East Sarajevo;<\/p>\n\n\n\n<p>Title: &nbsp;PhD (Science) &#8211; Transport and Traffic Engineering &nbsp;Year: 2013<\/p>\n\n\n\n<p>Title of doctoral thesis: PASSENGER CAR EQUIVALENTS IN MODEL ANALYSIS\nOF CAPACITY AND LEVEL OF SERVICE OF TWO-LANE ROADS<\/p>\n\n\n\n<p><strong>ELECTIONS TO EDUCATIONAL-SCIENTIFIC TITLES<\/strong><\/p>\n\n\n\n<p><strong>Professional teaching associate<\/strong>: Research field \u2013 Integral\ntransport systems and logistics; Year \u2013 2008; Institution \u2013 Faculty of\nTransport and Traffic Engineering Doboj.<\/p>\n\n\n\n<p><strong>Senior assistant<\/strong>: Research field \u2013 Transport\nengineering (Road and Urban Traffic Engineering); Year \u2013 2009; Institution \u2013 Faculty\nof Transport and Traffic Engineering Doboj.<\/p>\n\n\n\n<p><strong>Assistant professor (docent)<\/strong><strong>:<\/strong> Research field \u2013 Transport engineering &#8211; Road and\nUrban Traffic Engineering; Year \u2013 2013; Institution \u2013 Faculty of Transport and\nTraffic Engineering Doboj.<\/p>\n\n\n\n<p><strong>Associate professor<\/strong>: Research field \u2013 Transport Engineering; Year \u2013 2018; Institution \u2013 Faculty of Transport and Traffic Engineering Doboj.<\/p>\n\n\n\n<p><strong>Full professor<\/strong>: Research field \u2013 Transport Engineering; Year \u2013 2024; Institution \u2013 Faculty of Transport and Traffic Engineering Doboj. <\/p>\n\n\n\n<p><strong>PUBLISHED PAPERS<\/strong><\/p>\n\n\n\n<p>Total number of published papers: 60<\/p>\n\n\n\n<p>Number of papers published in SCI journals: 12<\/p>\n\n\n\n<p>Please refer\nto the link below for the full list of papers:<\/p>\n\n\n\n<ul class=\"wp-block-list\"><li><a href=\"https:\/\/scholar.google.com\/citations?user=Dtl1Ui4AAAAJ&amp;hl=sr&amp;oi=ao\">Go<a href=\"https:\/\/scholar.google.com\/citations?hl=sr&amp;user=Z4eHuUYAAAAJ\">ogle Scholar<\/a><\/a><\/li><\/ul>\n","protected":false},"excerpt":{"rendered":"<p>Name:&nbsp;Marko M. Suboti\u0107 Date of birth: 02.06.1979 Place and country of birth: \u010ca\u010dak, Serbia E mail: marko.subotic@sf.ues.rs.ba EDUCATION Undergraduate studies: Institution: Faculty of Transport and Traffic engineering, University of Belgrade; [&hellip;]<\/p>\n","protected":false},"author":1,"featured_media":0,"parent":0,"menu_order":0,"comment_status":"closed","ping_status":"closed","template":"","meta":{"footnotes":""},"class_list":["post-91","page","type-page","status-publish","hentry"],"_links":{"self":[{"href":"https:\/\/sf.ues.rs.ba\/eng\/index.php\/wp-json\/wp\/v2\/pages\/91","targetHints":{"allow":["GET"]}}],"collection":[{"href":"https:\/\/sf.ues.rs.ba\/eng\/index.php\/wp-json\/wp\/v2\/pages"}],"about":[{"href":"https:\/\/sf.ues.rs.ba\/eng\/index.php\/wp-json\/wp\/v2\/types\/page"}],"author":[{"embeddable":true,"href":"https:\/\/sf.ues.rs.ba\/eng\/index.php\/wp-json\/wp\/v2\/users\/1"}],"replies":[{"embeddable":true,"href":"https:\/\/sf.ues.rs.ba\/eng\/index.php\/wp-json\/wp\/v2\/comments?post=91"}],"version-history":[{"count":4,"href":"https:\/\/sf.ues.rs.ba\/eng\/index.php\/wp-json\/wp\/v2\/pages\/91\/revisions"}],"predecessor-version":[{"id":417,"href":"https:\/\/sf.ues.rs.ba\/eng\/index.php\/wp-json\/wp\/v2\/pages\/91\/revisions\/417"}],"wp:attachment":[{"href":"https:\/\/sf.ues.rs.ba\/eng\/index.php\/wp-json\/wp\/v2\/media?parent=91"}],"curies":[{"name":"wp","href":"https:\/\/api.w.org\/{rel}","templated":true}]}}