{"id":78,"date":"2022-05-04T10:05:40","date_gmt":"2022-05-04T10:05:40","guid":{"rendered":"https:\/\/sf.ues.rs.ba\/eng\/?page_id=78"},"modified":"2022-05-19T10:54:28","modified_gmt":"2022-05-19T10:54:28","slug":"phd-ratko-djuricic-full-professor","status":"publish","type":"page","link":"https:\/\/sf.ues.rs.ba\/eng\/index.php\/phd-ratko-djuricic-full-professor\/","title":{"rendered":"Ph.D. Ratko Djuricic, Full professor"},"content":{"rendered":"\n<figure class=\"wp-block-image\"><img loading=\"lazy\" decoding=\"async\" width=\"150\" height=\"150\" src=\"https:\/\/sf.ues.rs.ba\/eng\/wp-content\/uploads\/2022\/05\/Ratko-Djuricic-150x150.jpg\" alt=\"\" class=\"wp-image-149\" srcset=\"https:\/\/sf.ues.rs.ba\/eng\/wp-content\/uploads\/2022\/05\/Ratko-Djuricic-150x150.jpg 150w, https:\/\/sf.ues.rs.ba\/eng\/wp-content\/uploads\/2022\/05\/Ratko-Djuricic-150x150-55x55.jpg 55w, https:\/\/sf.ues.rs.ba\/eng\/wp-content\/uploads\/2022\/05\/Ratko-Djuricic-150x150-24x24.jpg 24w, https:\/\/sf.ues.rs.ba\/eng\/wp-content\/uploads\/2022\/05\/Ratko-Djuricic-150x150-36x36.jpg 36w, https:\/\/sf.ues.rs.ba\/eng\/wp-content\/uploads\/2022\/05\/Ratko-Djuricic-150x150-48x48.jpg 48w\" sizes=\"auto, (max-width: 150px) 100vw, 150px\" \/><\/figure>\n\n\n\n<p><strong>Name:&nbsp;Ratko \u0110uri\u010di\u0107<\/strong><\/p>\n\n\n\n<p>Date of birth: 29.10.1961<\/p>\n\n\n\n<p>Place and country of birth: Doboj, Bosnia and\nHerzegovina<\/p>\n\n\n\n<p>E mail: ratko.djuricic@sf.ues.rs.ba<\/p>\n\n\n\n<p><strong>EDUCATION<\/strong><\/p>\n\n\n\n<p><strong>Undergraduate studies<\/strong>: Institution:&nbsp; Faculty\nof Transport and Traffic Engineering, University of Belgrade;<\/p>\n\n\n\n<p>Title BACHELOR OF SCIENCE IN TRANSPORT AND TRAFFIC\nENGINEERING FOR RAILWAY TRANSPORT AND TRAFFIC Year 1987<\/p>\n\n\n\n<p><strong>Postgraduate studies<\/strong>: Institution: Faculty of Transport and Traffic Engineering,\nUniversity of Belgrade; <\/p>\n\n\n\n<p>Title: MASTER<strong> <\/strong>OF TECHNICAL SCIENCES<strong>, <\/strong>Year 2002<\/p>\n\n\n\n<p><strong>Doctoral\nstudies<\/strong>:&nbsp;Institution: Faculty of Transport and Traffic Engineering,\nUniversity of Belgrade;<\/p>\n\n\n\n<p>Title:<strong> <\/strong>Doctor of Science in Technical Sciences -T\u200braffic\nand Tansport Engineering<strong>, <\/strong>Year\n2005.<\/p>\n\n\n\n<p>Title\nof doctoral thesis: DEVELOPMENT OF\nRAILWAY ORGANIZATION MODEL.<strong><\/strong><\/p>\n\n\n\n<p><strong>ELECTIONS TO EDUCATIONAL-SCIENTIFIC\nTITLES<\/strong><\/p>\n\n\n\n<p><strong>Senior\nassistant<\/strong>: Research field \u2013 2006; Year \u2013 Transport Engineering<strong>; <\/strong>Institution: Faculty of Transport and Traffic Engineering Doboj, University of East\nSarajevo.<strong><\/strong><\/p>\n\n\n\n<p><strong>Assistant\nprofessor (docent)<\/strong><strong>:<\/strong> Research field \u2013 Transport Engineering; Year \u2013 2006;\nInstitution \u2013 Transport and Traffic\nEngineering Doboj, University of East Sarajevo.<\/p>\n\n\n\n<p><strong>PUBLISHED PAPERS<\/strong><\/p>\n\n\n\n<p>Total number of published papers: 50<\/p>\n\n\n\n<p>Number of papers published in SCI journals: 2<\/p>\n\n\n\n<p>Please\nrefer to the link below for the full list of papers:<\/p>\n\n\n\n<ul class=\"wp-block-list\"><li><a href=\"https:\/\/scholar.google.com\/citations?hl=sr&amp;user=hA9U1isAAAAJ\">Google Scholar .<\/a><\/li><\/ul>\n","protected":false},"excerpt":{"rendered":"<p>Name:&nbsp;Ratko \u0110uri\u010di\u0107 Date of birth: 29.10.1961 Place and country of birth: Doboj, Bosnia and Herzegovina E mail: ratko.djuricic@sf.ues.rs.ba EDUCATION Undergraduate studies: Institution:&nbsp; Faculty of Transport and Traffic Engineering, University of [&hellip;]<\/p>\n","protected":false},"author":1,"featured_media":0,"parent":0,"menu_order":0,"comment_status":"closed","ping_status":"closed","template":"","meta":{"footnotes":""},"class_list":["post-78","page","type-page","status-publish","hentry"],"_links":{"self":[{"href":"https:\/\/sf.ues.rs.ba\/eng\/index.php\/wp-json\/wp\/v2\/pages\/78","targetHints":{"allow":["GET"]}}],"collection":[{"href":"https:\/\/sf.ues.rs.ba\/eng\/index.php\/wp-json\/wp\/v2\/pages"}],"about":[{"href":"https:\/\/sf.ues.rs.ba\/eng\/index.php\/wp-json\/wp\/v2\/types\/page"}],"author":[{"embeddable":true,"href":"https:\/\/sf.ues.rs.ba\/eng\/index.php\/wp-json\/wp\/v2\/users\/1"}],"replies":[{"embeddable":true,"href":"https:\/\/sf.ues.rs.ba\/eng\/index.php\/wp-json\/wp\/v2\/comments?post=78"}],"version-history":[{"count":3,"href":"https:\/\/sf.ues.rs.ba\/eng\/index.php\/wp-json\/wp\/v2\/pages\/78\/revisions"}],"predecessor-version":[{"id":247,"href":"https:\/\/sf.ues.rs.ba\/eng\/index.php\/wp-json\/wp\/v2\/pages\/78\/revisions\/247"}],"wp:attachment":[{"href":"https:\/\/sf.ues.rs.ba\/eng\/index.php\/wp-json\/wp\/v2\/media?parent=78"}],"curies":[{"name":"wp","href":"https:\/\/api.w.org\/{rel}","templated":true}]}}