{"id":307,"date":"2022-06-14T10:18:53","date_gmt":"2022-06-14T10:18:53","guid":{"rendered":"https:\/\/sf.ues.rs.ba\/eng\/?page_id=307"},"modified":"2022-06-14T10:18:53","modified_gmt":"2022-06-14T10:18:53","slug":"department-of-information-and-communication-systems-in-traffic","status":"publish","type":"page","link":"https:\/\/sf.ues.rs.ba\/eng\/index.php\/department-of-information-and-communication-systems-in-traffic\/","title":{"rendered":"DEPARTMENT OF INFORMATION AND COMMUNICATION SYSTEMS IN TRAFFIC"},"content":{"rendered":"\n<p><strong>Head of the\ndepartment:<\/strong> PhD Gordana Jotanovi\u0107, associate professor (office 4)<\/p>\n\n\n\n<p><strong>Secretary\nof the department:<\/strong> PhD Mirko Stoj\u010di\u0107, assistant professor (office 42)<\/p>\n\n\n\n<p><strong>PROFESSORS<\/strong><\/p>\n\n\n\n<ul class=\"wp-block-list\"><li>PhD \u017deljko Stjepanovi\u0107, associate professor<\/li><li>PhD Gordana Jotanovi\u0107, associate professor<\/li><li>PhD&nbsp; Miroslav\nKostadinovi\u0107, associate professor<\/li><li>PhD Aleksandar Stjepanovi\u0107, associate professor<\/li><li>PhD Goran Jau\u0161evac, assistant professor<\/li><li>PhD Mirko Stoj\u010di\u0107, assistant professor<\/li><li>PhD Slavko \u0110uri\u0107, full professor<\/li><\/ul>\n\n\n\n<p><strong>ASSOCIATES<\/strong><\/p>\n\n\n\n<ul class=\"wp-block-list\"><li>MSc Goran Kuzmi\u0107, senior assistant<\/li><\/ul>\n\n\n\n<p><strong>LIST OF COURSES<\/strong><\/p>\n\n\n\n<ol class=\"wp-block-list\"><li>Basics programming<\/li><li>Network services and internet applications<\/li><li>Information management in logistics<\/li><li>Project management in communications<\/li><li>Planning and design of traffic in networks<\/li><li>Fundamentals of communication<\/li><li>Postal traffic<\/li><li>Exploitation in postal traffic<\/li><li>Transport networks<\/li><li>Multimedia\ncommunications<\/li><li>Postal\ntraffic management<\/li><li>Fundamentals\nof telecommunication systems<\/li><li>Aeronautical\nradios and systems<\/li><li>GIS in\ntraffic<\/li><li>Database<\/li><li>Internet\nservices<\/li><li>Management\ninformation systems<\/li><li>Automation\nof railway traffic through information technologies<\/li><li>Telematics\nsystems<\/li><li>Electronic\nsystems in traffic<\/li><li>Project\nmanagement in postal traffic<\/li><li>Communication\nsystems in postal traffic<\/li><li>Selected chapters\nin the field of telecommunications<\/li><li>New\ntechnologies in postal traffic<\/li><li>Internet\nmarketing<\/li><li>Application\nof GIS<\/li><li>Traffic\nproject management<\/li><li>Application\nof renewable energy sources in transport systems<\/li><li>E-business<\/li><\/ol>\n\n\n\n<p><strong>PROJECTS\nCARRIED BY MEMBERS OF THE DEPARTMENT<\/strong><\/p>\n\n\n\n<ol class=\"wp-block-list\"><li><strong>Project\ntitle:<\/strong> GPS AND RFID TECHNOLOGY IN TRAFFIC, <strong>project duration:<\/strong> 2008-2009.<\/li><\/ol>\n\n\n\n<p><strong>Project\nholder:<\/strong> Faculty of Transport and Traffic Engineering, University of\nEast Sarajevo and the Ministry of Science and Technology of the Republic of\nSrpska.<\/p>\n\n\n\n<ul class=\"wp-block-list\"><li><strong>Project title:<\/strong> PURCHASE\nOF EQUIPMENT FOR FORMATION AND TESTING OF PHOTOVOLTAIC SYSTEM FOR ELECTRICITY\nSUPPLY, <strong>project duration:<\/strong> 2009-2010.<\/li><\/ul>\n\n\n\n<p><strong>Project\nholder:<\/strong> Faculty of Transport, University of East Sarajevo and the\nMinistry of Science and Technology of the Republic of Srpska.<\/p>\n\n\n\n<ul class=\"wp-block-list\"><li><strong>Project\ntitle:<\/strong> APPLICATION OF WIRELESS NETWORKS IN THE PROCESS INDUSTRY\nBASED ON THE HART PROTOCOL, <strong>project\nduration: <\/strong>2009-2010.<\/li><\/ul>\n\n\n\n<p><strong>Project\nholder:<\/strong> Faculty of Transport and Traffic Engineering, University of\nEast Sarajevo and the Ministry of Science and Technology of the Republic of\nSrpska.<\/p>\n\n\n\n<ul class=\"wp-block-list\"><li><strong>Project\ntitle:<\/strong> INTEGRATION OF WIRELESS AND WIRE INDUSTRIAL NETWORKS BASED\nON THE HART CONCEPT, <strong>project duration:<\/strong>\n2010-2011.<\/li><\/ul>\n\n\n\n<p><strong>Project\nholder:<\/strong> Faculty of Transport and Traffic Engineering, University of\nEast Sarajevo and the Ministry of Science and Technology of the Republic of\nSrpska.<\/p>\n\n\n\n<ul class=\"wp-block-list\"><li><strong>Project\ntitle:<\/strong> INTRODUCTION AND TESTING OF PHOTOVOLTAIC MODULES IN\nAUTONOMOUS SOLAR SYSTEMS FOR INDEPENDENT ENERGY POWER SUPPLY, <strong>project duration:<\/strong> 2010-2011.<\/li><\/ul>\n\n\n\n<p><strong>Project\nholder:<\/strong> Faculty of Transport and Traffic Engineering, University of\nEast Sarajevo and the Ministry of Science and Technology of the Republic of\nSrpska.<\/p>\n\n\n\n<ul class=\"wp-block-list\"><li><strong>Project\ntitle:<\/strong> DEVELOPMENT OF STUDIES FOR IMPROVEMENT OF INTEGRATED SYSTEMS\nBASED ON FUEL AND SOLAR CELLS FOR THE PURPOSE OF INCREASING THE USE OF\nALTERNATIVE ENERGY SOURCES IN THE REPUBLIC OF SRPSKA, <strong>project duration:<\/strong> 2012-2013.<\/li><\/ul>\n\n\n\n<p><strong>Project\nholder:<\/strong> Faculty of Transport and Traffic Engineering, University of\nEast Sarajevo and the Ministry of Science and Technology of the Republic of\nSrpska.<\/p>\n\n\n\n<ul class=\"wp-block-list\"><li><strong>Project\ntitle:<\/strong> TESTING AND INTRODUCTION OF A MODIFIED PID REGULATOR IN\nWIRELESS INDUSTRIAL NETWORKS BASED ON THE HART PROTOCOL, <strong>project duration:<\/strong> 2013-2014.<\/li><\/ul>\n\n\n\n<p><strong>Project\nholder:<\/strong> Faculty of Transport and Traffic Engineering, University of\nEast Sarajevo and the Ministry of Science and Technology of the Republic of\nSrpska.<\/p>\n\n\n\n<ul class=\"wp-block-list\"><li><strong>Project\ntitle: <\/strong>IMPLEMENTATION OF AUTONOMOUS SOLAR SYSTEMS IN POWER SUPPLY OF\nTRAFFIC INFRASTRUCTURE FACILITIES, <strong>project\nduration:<\/strong> 2013-2014.<\/li><\/ul>\n\n\n\n<p><strong>Project\nholder:<\/strong> Faculty of Transport Doboj, University of East Sarajevo and\nthe Ministry of Science and Technology of the Republic of Srpska.<\/p>\n\n\n\n<ul class=\"wp-block-list\"><li><strong>Project\ntitle:<\/strong> STUDY FOR THE DEVELOPMENT OF AN AUTONOMOUS SOLAR ENERGY\nSOURCE (GENERATOR) WITH REMOTE CONTROL AND SUPERVISION FOR ENERGY POWER SUPPLY\nOF TELECOMMUNICATION FACILITIES, <strong>project\nduration:<\/strong> 2015-2016.<\/li><\/ul>\n\n\n\n<p><strong>Project\nholder:<\/strong> Faculty of Transport Doboj, University of East Sarajevo and\nthe Ministry of Science and Technology of the Republic of Srpska.<\/p>\n\n\n\n<ol class=\"wp-block-list\"><li><strong>Project title:<\/strong> IMPLEMENTATION OF WEB APPLICATIONS\nIN INTELLIGENT TRANSPORT SYSTEMS FOR PASSENGER INFORMATION IN PUBLIC BUS\nTRAFFIC, <strong>project duration:<\/strong>\n2015-2016.<\/li><\/ol>\n\n\n\n<p><strong>Project\nholder:<\/strong> Faculty of Transport Doboj, University of East Sarajevo and\nthe Ministry of Science and Technology of the Republic of Srpska.<\/p>\n\n\n\n<ol class=\"wp-block-list\"><li><strong>Project title:<\/strong> CONVERSION OF A CAR WITH A CLASSIC\nPETROL ENGINE INTO A ELECTRICALLY DRIVEN VEHICLE, <strong>project duration:<\/strong> 2018-2019.<\/li><\/ol>\n\n\n\n<p><strong>Project\nholder:<\/strong> Faculty of Transport Doboj, University of East Sarajevo and\nthe Ministry of Science and Technology of the Republic of Srpska.<\/p>\n\n\n\n<ol class=\"wp-block-list\"><li><strong>Project title:<\/strong> IMPLEMENTATION OF MODERN IOT\nTECHNOLOGY IN CONTROL AND CONTROL OF ROBOTIC HAND MADE ON A 3D PRINTER, <strong>project duration:<\/strong> 2018-2019.<\/li><\/ol>\n\n\n\n<p><strong>Project\nholder:<\/strong> Faculty of Transport Doboj, University of East Sarajevo and the\nMinistry of Science and Technology of the Republic of Srpska.<\/p>\n\n\n\n<ol class=\"wp-block-list\"><li><strong>Project title:<\/strong> MONITORING OF VEHICLE PARKING\nUSING DRONS, <strong>project duration:<\/strong>\n2019-2020.<\/li><\/ol>\n\n\n\n<p><strong>Project\nholder:<\/strong> Faculty of Transport Doboj, University of East Sarajevo and\nthe Ministry of Science and Technology of the Republic of Srpska.<\/p>\n\n\n\n<ol class=\"wp-block-list\"><li><strong>Project title:<\/strong> SMART SYSTEM BASED ON IOT\nTECHNOLOGY INTENDED FOR MONITORING AIR TRAFFIC POLLUTION, <strong>project duration:<\/strong> 2019-2020.<\/li><\/ol>\n\n\n\n<p><strong>Project\nholder:<\/strong> Faculty of Transport Doboj, University of East Sarajevo and\nthe Ministry of Science and Technology of the Republic of Srpska.<\/p>\n\n\n\n<p><strong>LABORATORIES FUNDED FROM PROJECT FUNDS<\/strong><\/p>\n\n\n\n<ol class=\"wp-block-list\"><li><strong>Name of the laboratory:<\/strong> Laboratory\nfor Multimedia Systems (HALL 10)<\/li><\/ol>\n\n\n\n<p><strong>Head of the\nlaboratory:<\/strong> PhD Zeljko Stjepanovic, associate professor<\/p>\n\n\n\n<ul class=\"wp-block-list\"><li><strong>Name of the laboratory:<\/strong> Laboratory\nfor computer networks (HALL 9)<\/li><\/ul>\n\n\n\n<p><strong>Head of the\nlaboratory:<\/strong> PhD Goran Jau\u0161evac, assistant professor<\/p>\n\n\n\n<ul class=\"wp-block-list\"><li><strong>Name of the laboratory:<\/strong> Laboratory\nfor communication systems, electric and autonomous vehicles (HALL 23)<\/li><\/ul>\n\n\n\n<p><strong>Head of the\nlaboratory:<\/strong> PhD Aleksandar Stjepanovi\u0107, associate professor<\/p>\n\n\n\n<ul class=\"wp-block-list\"><li><strong>Name of the laboratory:<\/strong> Laboratory\nfor Automation and Electrical Engineering (HALL 12)<\/li><\/ul>\n\n\n\n<p><strong>Head of the\nlaboratory:<\/strong> PhD Miroslav Kostadinovi\u0107, associate professor<\/p>\n\n\n\n<ul class=\"wp-block-list\"><li><strong>Name of the laboratory:<\/strong> Laboratory\nfor Information Technologies (HALL 24)<\/li><\/ul>\n\n\n\n<p><strong>Head of the\nlaboratory:<\/strong> PhD Gordana Jotanovi\u0107, associate professor<\/p>\n","protected":false},"excerpt":{"rendered":"<p>Head of the department: PhD Gordana Jotanovi\u0107, associate professor (office 4) Secretary of the department: PhD Mirko Stoj\u010di\u0107, assistant professor (office 42) PROFESSORS PhD \u017deljko Stjepanovi\u0107, associate professor PhD Gordana [&hellip;]<\/p>\n","protected":false},"author":1,"featured_media":0,"parent":0,"menu_order":0,"comment_status":"closed","ping_status":"closed","template":"","meta":{"footnotes":""},"class_list":["post-307","page","type-page","status-publish","hentry"],"_links":{"self":[{"href":"https:\/\/sf.ues.rs.ba\/eng\/index.php\/wp-json\/wp\/v2\/pages\/307","targetHints":{"allow":["GET"]}}],"collection":[{"href":"https:\/\/sf.ues.rs.ba\/eng\/index.php\/wp-json\/wp\/v2\/pages"}],"about":[{"href":"https:\/\/sf.ues.rs.ba\/eng\/index.php\/wp-json\/wp\/v2\/types\/page"}],"author":[{"embeddable":true,"href":"https:\/\/sf.ues.rs.ba\/eng\/index.php\/wp-json\/wp\/v2\/users\/1"}],"replies":[{"embeddable":true,"href":"https:\/\/sf.ues.rs.ba\/eng\/index.php\/wp-json\/wp\/v2\/comments?post=307"}],"version-history":[{"count":1,"href":"https:\/\/sf.ues.rs.ba\/eng\/index.php\/wp-json\/wp\/v2\/pages\/307\/revisions"}],"predecessor-version":[{"id":308,"href":"https:\/\/sf.ues.rs.ba\/eng\/index.php\/wp-json\/wp\/v2\/pages\/307\/revisions\/308"}],"wp:attachment":[{"href":"https:\/\/sf.ues.rs.ba\/eng\/index.php\/wp-json\/wp\/v2\/media?parent=307"}],"curies":[{"name":"wp","href":"https:\/\/api.w.org\/{rel}","templated":true}]}}