{"id":305,"date":"2022-06-14T10:17:05","date_gmt":"2022-06-14T10:17:05","guid":{"rendered":"https:\/\/sf.ues.rs.ba\/eng\/?page_id=305"},"modified":"2024-10-01T10:52:32","modified_gmt":"2024-10-01T10:52:32","slug":"department-of-road-traffic-and-transport","status":"publish","type":"page","link":"https:\/\/sf.ues.rs.ba\/eng\/index.php\/department-of-road-traffic-and-transport\/","title":{"rendered":"DEPARTMENT OF ROAD TRAFFIC"},"content":{"rendered":"\n<p><strong>Head of the department:<\/strong> PhD Marko Suboti\u0107, Full professor<\/p>\n\n\n\n<p><strong>Secretary of the department:<\/strong> Msc Miroslav Pavloic,  Senior assistant <\/p>\n\n\n\n<p><strong>PROFESSORS<\/strong><\/p>\n\n\n\n<ul class=\"wp-block-list\"><li>PhD Tihomir \u0110uri\u0107, Full professor<\/li><li>PhD Marko Suboti\u0107, Full professor<\/li><li>PhD Bojan Mari\u0107, associate professor<\/li><\/ul>\n\n\n\n<p><strong>ASSOCIATES<\/strong><\/p>\n\n\n\n<ul class=\"wp-block-list\"><li> MSc Dunja Radovi\u0107 Stoj\u010di\u0107, Assistant professor <\/li><li>MSc Radenka Bjelo\u0161evi\u0107, Senior assistant<\/li><li>MSc Bojana Risti\u0107, Senior assistant<\/li><li> Msc Miroslav Pavloic,  Senior assistant  <\/li><\/ul>\n\n\n\n<p><strong>LIST OF COURSES<\/strong><\/p>\n\n\n\n<ol class=\"wp-block-list\"><li>Flow theory\nand road capacity<\/li><li>Urbanism<\/li><li>Roads<\/li><li>Regulation\nof traffic flows<\/li><li>Transportation\nplanning<\/li><li>Traffic\nterminals<\/li><li>Evaluation\nin traffic<\/li><li>Traffic\neducation<\/li><li>Transport\nof passengers and goods<\/li><li>Traffic\naccidents investigation<\/li><li>Traffic\nsafety<\/li><li>Traffic\ndesign<\/li><li>City\ntraffic management<\/li><li>Traffic\nnetworks<\/li><li>Telematics\nsystems in road traffic<\/li><li>Passenger\ntransport systems<\/li><li>Goods\ntransport systems<\/li><li>Terminals\nand parking<\/li><li>Forecasts\nin traffic<\/li><li>Traffic\nregulation and management<\/li><li>Traffic\nDesign &#8211; engineering of street systems<\/li><li>Vehicle\nfleet maintenance system designing <\/li><li>Expertise of\ntraffic accidents<\/li><li>\u0422raffic databases<\/li><\/ol>\n","protected":false},"excerpt":{"rendered":"<p>Head of the department: PhD Marko Suboti\u0107, Full professor Secretary of the department: Msc Miroslav Pavloic, Senior assistant PROFESSORS PhD Tihomir \u0110uri\u0107, Full professor PhD Marko Suboti\u0107, Full professor PhD [&hellip;]<\/p>\n","protected":false},"author":1,"featured_media":0,"parent":0,"menu_order":0,"comment_status":"closed","ping_status":"closed","template":"","meta":{"footnotes":""},"class_list":["post-305","page","type-page","status-publish","hentry"],"_links":{"self":[{"href":"https:\/\/sf.ues.rs.ba\/eng\/index.php\/wp-json\/wp\/v2\/pages\/305","targetHints":{"allow":["GET"]}}],"collection":[{"href":"https:\/\/sf.ues.rs.ba\/eng\/index.php\/wp-json\/wp\/v2\/pages"}],"about":[{"href":"https:\/\/sf.ues.rs.ba\/eng\/index.php\/wp-json\/wp\/v2\/types\/page"}],"author":[{"embeddable":true,"href":"https:\/\/sf.ues.rs.ba\/eng\/index.php\/wp-json\/wp\/v2\/users\/1"}],"replies":[{"embeddable":true,"href":"https:\/\/sf.ues.rs.ba\/eng\/index.php\/wp-json\/wp\/v2\/comments?post=305"}],"version-history":[{"count":8,"href":"https:\/\/sf.ues.rs.ba\/eng\/index.php\/wp-json\/wp\/v2\/pages\/305\/revisions"}],"predecessor-version":[{"id":403,"href":"https:\/\/sf.ues.rs.ba\/eng\/index.php\/wp-json\/wp\/v2\/pages\/305\/revisions\/403"}],"wp:attachment":[{"href":"https:\/\/sf.ues.rs.ba\/eng\/index.php\/wp-json\/wp\/v2\/media?parent=305"}],"curies":[{"name":"wp","href":"https:\/\/api.w.org\/{rel}","templated":true}]}}