{"id":303,"date":"2022-06-14T10:15:41","date_gmt":"2022-06-14T10:15:41","guid":{"rendered":"https:\/\/sf.ues.rs.ba\/eng\/?page_id=303"},"modified":"2022-06-14T10:15:42","modified_gmt":"2022-06-14T10:15:42","slug":"department-for-transport-engineering-faculty-of-traffic-engineering-doboj","status":"publish","type":"page","link":"https:\/\/sf.ues.rs.ba\/eng\/index.php\/department-for-transport-engineering-faculty-of-traffic-engineering-doboj\/","title":{"rendered":"Department for Transport Engineering, Faculty of Traffic Engineering Doboj"},"content":{"rendered":"\n<p><strong>Head of the\ndepartment:<\/strong> PhD Marko Vasiljevi\u0107, full professor (office 25)<\/p>\n\n\n\n<p><strong>Secretary\nof the department:<\/strong> MSc Vladimir Mal\u010di\u0107, senior assistant (office 16)<\/p>\n\n\n\n<p><strong>PROFESSORS<\/strong><\/p>\n\n\n\n<ul class=\"wp-block-list\"><li>PhD Ratko \u0110uri\u010di\u0107, full professor<\/li><li>PhD Marko Vasiljevi\u0107, full professor<\/li><li>PhD Milan Miloti\u0107, associate professor<\/li><li>PhD \u017deljko Stevi\u0107, assistant professor<\/li><li>PhD Suzana Miladi\u0107-Te\u0161i\u0107, assistant professor<\/li><\/ul>\n\n\n\n<p><strong>ASSOCIATES<\/strong><\/p>\n\n\n\n<ul class=\"wp-block-list\"><li>MSc Vladimir Mal\u010di\u0107, senior assistant<\/li><li>MSc Sanja Simi\u0107, senior assistant<\/li><li>MSc Eldina Huskanovi\u0107, senior assistant<\/li><\/ul>\n\n\n\n<p><strong>LIST OF COURSES<\/strong><\/p>\n\n\n\n<ol class=\"wp-block-list\"><li>TRANSPORT CHARACTERISTICS OF GOODS<\/li><li>TRAFFIC TRANSPORT LAW<\/li><li>TRAFFIC GEOGRAPHY<\/li><li>LOGISTICS IN TRAFFIC<\/li><li>OPERATIONAL RESEARCH<\/li><li>ROAD VEHICLES WITH DYNAMICS<\/li><li>ECOLOGY IN TRAFFIC<\/li><li>MECHANIZATION\nAND TEHNOLOGY OF TRANSHIPMENT <\/li><li>ORGANIZATION\nOF TRAFFIC COMPANIES<\/li><li>INTERMODAL\nTRANSPORT <\/li><li>SHIPPING<\/li><li>RAILWAY TRACKS<\/li><li>RAILWAY VEHICLES<\/li><li>EXPLOATATION OF RAILROAD WAGONS<\/li><li>RAILWAY STATIONS AND NODES<\/li><li>TRAIN TRACTION<\/li><li>RAILWAY SIGNALING SAFETY DEVICES<\/li><li>RAILWAY POWER PLANTS<\/li><li>RAILWAY\nSIGNALING AND SAFETY DEVICES AND ELECTRIC POWER PLANTS<\/li><li>MAINTENANCE OF RAILWAY INFRASTRUCTURE<\/li><li>MAINTENANCE\nOF RAILWAY WAGONS<\/li><li>FREIGHT TRANSPORT TECHNOLOGY AND ORGANIZATION<\/li><li>PASSENGER TRANSPORT TEHNOLOGY AND ORGANIZATION<\/li><li>RAILWAY TRAFFIC TECHNOLOGY<\/li><li>REGULATORY SYSTEM OF RAILWAY TRANSPORT<\/li><li>MODELING IN RAILWAY TRANSPORT<\/li><li>QUALITY MANAGEMENT<\/li><li>SAFETY\nOF RAILWAY TRAFFIC<\/li><li>RAILWAY\nMARKETING AND MARKETING OPERATIONS<\/li><li>ENGINEERING\nECONOMICS IN RAILWAY TRAFFIC AND TRANSPORT<\/li><li>ANALYSIS\nOF EMERGENCY EVENTS ON THE RAILWAY<\/li><li>TESTING\nOF RAILWAYS AND VEHICLES<\/li><li>TRANSPORT NETWORKS (RAILWAY TRAFFIC)<\/li><li>SHIPPING AND AGENCY BUSINESS<\/li><li>BASIC TYPES OF TRANSPORT I<\/li><li>BASIC TYPES OF TRANSPORT II<\/li><li>LOGISTICS CENTERS<\/li><li>WAREHOUSE SYSTEM<\/li><li>VERTICAL TRANSPORT<\/li><li>TRANSPORT OF DANGEROUS GOODS<\/li><li>LOGISTICS CONTROLLING<\/li><li>RETURN LOGISTICS<\/li><li>SPECIAL AREAS OF LOGISTIC<\/li><li>INDUSTRIAL LOGISTICS<\/li><li>CITY LOGISTICS<\/li><li>ORGANIZATION OF TELECOMMUNICATION AND POSTAL\nCOMPANIES<\/li><li>METEOROLOGY<\/li><li>FLIGHT MECHANICS 1<\/li><li>AIRCRAFT 1<\/li><li>PERFORMANCE OF TRANSPORT AIRCRAFT 1<\/li><li>FLIGHT MECHANICS 2<\/li><li>AIRCRAFT 2<\/li><li>PERFORMANCE OF TRANSPORT AIRCRAFT 2<\/li><li>FUNDAMENTALS OF URBANISM<\/li><li>AIRCRAFT PROPULSION GROUPS<\/li><li>FLIGHT CONTROL 1<\/li><li>AIRPORTS<\/li><li>AIRCRAFT INSTRUMENTS AND EQUIPMENT 1<\/li><li>AIRCRAFT TRANSPORTATION AND OPERATION PLANNING<\/li><li>FLIGHT CONTROL 2<\/li><li>AIRCRAFT INSTRUMENTS AND EQUIPMENT 2<\/li><li>AVIATION LAW<\/li><li>FREIGHT TRANSPORT BY AIR<\/li><li>AIR NAVIGATION<\/li><li>GEODESY<\/li><li>OPERATION AND MANAGEMENT OF ROADS<\/li><li>BUILDING MATERIALS<\/li><li>BUILDING REGULATIONS<\/li><li>BUILDING CONSTRUCTIONS<\/li><li>ORGANIZATION OF CONSTRUCTION<\/li><li>TRAFFIC INFRASTRUCTURE SYSTEMS<\/li><li>ROAD DESIGN<\/li><li>RAILWAY DESIGN<\/li><li>BRIDGES AND TUNNELS<\/li><li>ROAD MAINTENANCE<\/li><li>MAINTENANCE OF RAILWAYS<\/li><li>ENTERPRISE RESOURCE MANAGEMENT<\/li><li>ENVIRONMENTAL PROTECTION AND WASTE MANAGEMENT<\/li><li>METHODOLOGY OF SCIENTIFIC RESEARCH WORK<\/li><li>MODELS, SIMULATIONS AND ANIMATIONS IN TRAFFIC<\/li><li>DETERMINISTIC MODELS OF OPERATIONAL RESEARCH<\/li><li>HIGH-SPEED TRAIN SYSTEMS<\/li><li>SELECTED CHAPTERS FROM THE TEHNOLOGY FOR THE\nEXPLOITATION OF RAILWAY TRAFFIC<\/li><li>WORK THEORY OF RAILWAY NETWORK OPERATOR AND\nTOWING ORGANIZATION<\/li><li>PLANNING AND DESIGN OF RAILWAY LINES<\/li><li>SELECTED CHAPTERS FROM THE TRANSPORT OF\nPASSENGERS BY RAIL<\/li><li>QUALITY AND SERVICE SYSTEM IN RAILWAY TRAFFIC<\/li><li>SELECTED CHAPTERS FROM THE TRANSPORT OF GOODS BY\nRAIL<\/li><li>RISK ANALYSIS<\/li><li>PLANNING AND DESIGN OF LOGISTICS CENTERS<\/li><li>OPERATIONAL PLANNING OF TRANSHIPMENT PROCESSES<\/li><li>MODELING THE PERFORMANCE OF LOGISTICS SYSTEMS<\/li><li>LOGISTICS MARKETING MANAGEMENT<\/li><li>LOGISTICS OF HAZARDOUS MATERIALS<\/li><li>SUPPLY CHAIN MODELING AND MANAGEMENT<\/li><li>QUALITY MANAGEMENT METHODS IN LOGISTICS<\/li><li>SPECIAL AREAS OF RETURN LOGISTICS<\/li><li>SPECIAL AREAS OF CITY LOGISTICS<\/li><li>GOODS TERMINALS<\/li><li>INTERMODAL TRANSPORT TECHNOLOGIES<\/li><li>LOGISTICS ORGANIZATION DESIGN<\/li><li>WAREHOUSE SYSTEMS MANAGEMENT<\/li><li>QUALITY MANAGEMENT IN POSTAL TRAFFIC<\/li><li>AIRCRAFT MAINTENANCE SYSTEMS<\/li><li>TRANSPORT NETWORKS WITH APPLICATIONS IN AIR\nTRANSPORT<\/li><li>AIRCRAFT RELIABILITY<\/li><li>AIRCRAFT 3<\/li><li>PERFORMANCE OF TRANSPORT AIRCRAFT 3<\/li><li>AIRPORTS 3<\/li><li>FLIGHT CONTROL 3<\/li><li>AIRCRAFT TRANSPORTATION AND OPERATION PLANNING<\/li><li>AIR NAVIGATION SAFETY ASSESSMENT METHODS<\/li><li>OBJECT POSITIONING SYSTEMS<\/li><li>DESIGN METHODOLOGY<\/li><li>SUSTAINABLE DEVELOPMENT AND ENVIRONMENTAL\nPROTECTION<\/li><li>VALUATION IN TRAFFIC &#8211; INVESTMENT OPTIMIZATION<\/li><\/ol>\n","protected":false},"excerpt":{"rendered":"<p>Head of the department: PhD Marko Vasiljevi\u0107, full professor (office 25) Secretary of the department: MSc Vladimir Mal\u010di\u0107, senior assistant (office 16) PROFESSORS PhD Ratko \u0110uri\u010di\u0107, full professor PhD Marko [&hellip;]<\/p>\n","protected":false},"author":1,"featured_media":0,"parent":0,"menu_order":0,"comment_status":"closed","ping_status":"closed","template":"","meta":{"footnotes":""},"class_list":["post-303","page","type-page","status-publish","hentry"],"_links":{"self":[{"href":"https:\/\/sf.ues.rs.ba\/eng\/index.php\/wp-json\/wp\/v2\/pages\/303","targetHints":{"allow":["GET"]}}],"collection":[{"href":"https:\/\/sf.ues.rs.ba\/eng\/index.php\/wp-json\/wp\/v2\/pages"}],"about":[{"href":"https:\/\/sf.ues.rs.ba\/eng\/index.php\/wp-json\/wp\/v2\/types\/page"}],"author":[{"embeddable":true,"href":"https:\/\/sf.ues.rs.ba\/eng\/index.php\/wp-json\/wp\/v2\/users\/1"}],"replies":[{"embeddable":true,"href":"https:\/\/sf.ues.rs.ba\/eng\/index.php\/wp-json\/wp\/v2\/comments?post=303"}],"version-history":[{"count":1,"href":"https:\/\/sf.ues.rs.ba\/eng\/index.php\/wp-json\/wp\/v2\/pages\/303\/revisions"}],"predecessor-version":[{"id":304,"href":"https:\/\/sf.ues.rs.ba\/eng\/index.php\/wp-json\/wp\/v2\/pages\/303\/revisions\/304"}],"wp:attachment":[{"href":"https:\/\/sf.ues.rs.ba\/eng\/index.php\/wp-json\/wp\/v2\/media?parent=303"}],"curies":[{"name":"wp","href":"https:\/\/api.w.org\/{rel}","templated":true}]}}