{"id":288,"date":"2022-05-23T10:15:17","date_gmt":"2022-05-23T10:15:17","guid":{"rendered":"https:\/\/sf.ues.rs.ba\/eng\/?page_id=288"},"modified":"2022-05-24T07:24:13","modified_gmt":"2022-05-24T07:24:13","slug":"ph-d-marko-vasiljevic-full-professor","status":"publish","type":"page","link":"https:\/\/sf.ues.rs.ba\/eng\/index.php\/ph-d-marko-vasiljevic-full-professor\/","title":{"rendered":"Ph.D. Marko Vasiljevic, Full professor"},"content":{"rendered":"\n<figure class=\"wp-block-image is-resized\"><img loading=\"lazy\" decoding=\"async\" src=\"https:\/\/sf.ues.rs.ba\/eng\/wp-content\/uploads\/2022\/05\/Marko-Vasiljevic-819x1024.jpg\" alt=\"\" class=\"wp-image-293\" width=\"148\" height=\"185\" srcset=\"https:\/\/sf.ues.rs.ba\/eng\/wp-content\/uploads\/2022\/05\/Marko-Vasiljevic-819x1024.jpg 819w, https:\/\/sf.ues.rs.ba\/eng\/wp-content\/uploads\/2022\/05\/Marko-Vasiljevic-240x300.jpg 240w, https:\/\/sf.ues.rs.ba\/eng\/wp-content\/uploads\/2022\/05\/Marko-Vasiljevic-768x960.jpg 768w, https:\/\/sf.ues.rs.ba\/eng\/wp-content\/uploads\/2022\/05\/Marko-Vasiljevic-44x55.jpg 44w, https:\/\/sf.ues.rs.ba\/eng\/wp-content\/uploads\/2022\/05\/Marko-Vasiljevic-947x1184.jpg 947w, https:\/\/sf.ues.rs.ba\/eng\/wp-content\/uploads\/2022\/05\/Marko-Vasiljevic-624x780.jpg 624w, https:\/\/sf.ues.rs.ba\/eng\/wp-content\/uploads\/2022\/05\/Marko-Vasiljevic-19x24.jpg 19w, https:\/\/sf.ues.rs.ba\/eng\/wp-content\/uploads\/2022\/05\/Marko-Vasiljevic-29x36.jpg 29w, https:\/\/sf.ues.rs.ba\/eng\/wp-content\/uploads\/2022\/05\/Marko-Vasiljevic-38x48.jpg 38w, https:\/\/sf.ues.rs.ba\/eng\/wp-content\/uploads\/2022\/05\/Marko-Vasiljevic.jpg 1500w\" sizes=\"auto, (max-width: 148px) 100vw, 148px\" \/><\/figure>\n\n\n\n<p><strong>Name:\u00a0Marko Vasiljevi\u0107<\/strong><\/p>\n\n\n\n<p>Date of birth: 28.11.1962.<\/p>\n\n\n\n<p>Place and country of birth: ZARJE\u010cA, DOBOJ, REPUBLIKA\nSRPSKA, BiH.<\/p>\n\n\n\n<p>E mail: marko.vasiljevic@sf.ues.rs.ba<\/p>\n\n\n\n<p><strong>EDUCATION<\/strong><\/p>\n\n\n\n<p><strong>Undergraduate studies<\/strong>: Institution;\nUNIVERZITET U SARAJEVU, SAOBRA\u0106AJNI FAKULTET U SARAJEVU <\/p>\n\n\n\n<p>Title DIPLOMIRANI IN\u017dENJER SAOBRA\u0106AJA Year 1988.<\/p>\n\n\n\n<p><strong>Postgraduate studies<\/strong>: Institution: UNIVERZITET\nU NOVOM SADU, FAKULTET TEHNI\u010cKIH NAUKA \u201cMIHAJLO PUPIN\u201d ZRENJANIN; <\/p>\n\n\n\n<p>Title &nbsp;MAGISTAR\nTEHNI\u010cKIH NAUKA Year 2003.<\/p>\n\n\n\n<p><strong>Doctoral studies<\/strong>:&nbsp;Institution:\nUNIVERZITET U NOVOM SADU, FAKULTET TEHNI\u010cKIH NAUKA \u201cMIHAJLO PUPIN\u201d ZRENJANIN; <\/p>\n\n\n\n<p>Title: DOKTOR TEHNI\u010cKIH NAUKA Year 2005.<\/p>\n\n\n\n<p>Title\nof doctoral thesis: UNAPRE\u0110ENJE ORGANIZACIJE \u017dELJEZNICA REPUBLIKE SRPSKE U\nFUNKCIJI TR\u017dI\u0160NOG NA\u010cINA POSLOVANJA\u201d.<\/p>\n\n\n\n<p><strong>ELECTIONS TO EDUCATIONAL-SCIENTIFIC\nTITLES<\/strong><\/p>\n\n\n\n<p><strong>Assistant professor\n(docent)<\/strong><strong>:<\/strong> Research field \u2013 TRANSPORTNO\nIN\u017dENJERSTVO; Year 2008 ; Institution \u2013 UNIVERZITET U ISTO\u010cNOM SARAJEVU ,\nSAOBRA\u0106AJNI FAKULTET DOBOJ..<\/p>\n\n\n\n<p><strong>Professor (vanredni\nprof.)<\/strong><strong>:<\/strong> Research field \u2013 TRANSPORTNO\nIN\u017dENJERSTVO; Year 2013 ; Institution \u2013 UNIVERZITET U ISTO\u010cNOM SARAJEVU ,\nSAOBRA\u0106AJNI FAKULTET DOBOJ.<\/p>\n\n\n\n<p><strong>Professor (redovni\nprofesor)<\/strong><strong>:<\/strong> Research field \u2013 TRANSPORTNO\nIN\u017dENJERSTVO; Year 2019 ; Institution \u2013 UNIVERZITET U ISTO\u010cNOM SARAJEVU ,\nSAOBRA\u0106AJNI FAKULTET DOBOJ..<\/p>\n\n\n\n<p><strong>PUBLISHED\nPAPERS<\/strong><\/p>\n\n\n\n<p>Total number of published  papers: 60<\/p>\n\n\n\n<p>Number of papers published in  SCI journals: 8<\/p>\n","protected":false},"excerpt":{"rendered":"<p>Name:\u00a0Marko Vasiljevi\u0107 Date of birth: 28.11.1962. Place and country of birth: ZARJE\u010cA, DOBOJ, REPUBLIKA SRPSKA, BiH. E mail: marko.vasiljevic@sf.ues.rs.ba EDUCATION Undergraduate studies: Institution; UNIVERZITET U SARAJEVU, SAOBRA\u0106AJNI FAKULTET U SARAJEVU [&hellip;]<\/p>\n","protected":false},"author":1,"featured_media":0,"parent":0,"menu_order":0,"comment_status":"closed","ping_status":"closed","template":"","meta":{"footnotes":""},"class_list":["post-288","page","type-page","status-publish","hentry"],"_links":{"self":[{"href":"https:\/\/sf.ues.rs.ba\/eng\/index.php\/wp-json\/wp\/v2\/pages\/288","targetHints":{"allow":["GET"]}}],"collection":[{"href":"https:\/\/sf.ues.rs.ba\/eng\/index.php\/wp-json\/wp\/v2\/pages"}],"about":[{"href":"https:\/\/sf.ues.rs.ba\/eng\/index.php\/wp-json\/wp\/v2\/types\/page"}],"author":[{"embeddable":true,"href":"https:\/\/sf.ues.rs.ba\/eng\/index.php\/wp-json\/wp\/v2\/users\/1"}],"replies":[{"embeddable":true,"href":"https:\/\/sf.ues.rs.ba\/eng\/index.php\/wp-json\/wp\/v2\/comments?post=288"}],"version-history":[{"count":2,"href":"https:\/\/sf.ues.rs.ba\/eng\/index.php\/wp-json\/wp\/v2\/pages\/288\/revisions"}],"predecessor-version":[{"id":294,"href":"https:\/\/sf.ues.rs.ba\/eng\/index.php\/wp-json\/wp\/v2\/pages\/288\/revisions\/294"}],"wp:attachment":[{"href":"https:\/\/sf.ues.rs.ba\/eng\/index.php\/wp-json\/wp\/v2\/media?parent=288"}],"curies":[{"name":"wp","href":"https:\/\/api.w.org\/{rel}","templated":true}]}}