{"id":119,"date":"2022-05-05T08:44:42","date_gmt":"2022-05-05T08:44:42","guid":{"rendered":"https:\/\/sf.ues.rs.ba\/eng\/?page_id=119"},"modified":"2022-05-18T10:36:40","modified_gmt":"2022-05-18T10:36:40","slug":"phd-suzana-miladic-tesic-assistant-professor","status":"publish","type":"page","link":"https:\/\/sf.ues.rs.ba\/eng\/index.php\/phd-suzana-miladic-tesic-assistant-professor\/","title":{"rendered":"Ph.D. Suzana Miladic-Tesic, Assistant Professor"},"content":{"rendered":"\n<figure class=\"wp-block-image\"><img loading=\"lazy\" decoding=\"async\" width=\"150\" height=\"150\" src=\"https:\/\/sf.ues.rs.ba\/eng\/wp-content\/uploads\/2022\/05\/Suzana-Miladic-150x150.jpg\" alt=\"\" class=\"wp-image-153\" srcset=\"https:\/\/sf.ues.rs.ba\/eng\/wp-content\/uploads\/2022\/05\/Suzana-Miladic-150x150.jpg 150w, https:\/\/sf.ues.rs.ba\/eng\/wp-content\/uploads\/2022\/05\/Suzana-Miladic-150x150-55x55.jpg 55w, https:\/\/sf.ues.rs.ba\/eng\/wp-content\/uploads\/2022\/05\/Suzana-Miladic-150x150-24x24.jpg 24w, https:\/\/sf.ues.rs.ba\/eng\/wp-content\/uploads\/2022\/05\/Suzana-Miladic-150x150-36x36.jpg 36w, https:\/\/sf.ues.rs.ba\/eng\/wp-content\/uploads\/2022\/05\/Suzana-Miladic-150x150-48x48.jpg 48w\" sizes=\"auto, (max-width: 150px) 100vw, 150px\" \/><\/figure>\n\n\n\n<p><strong>Name:&nbsp;Suzana Miladi\u0107-Te\u0161i\u0107<\/strong><\/p>\n\n\n\n<p>Date of birth: November 9<sup>th<\/sup>, 1987<\/p>\n\n\n\n<p>Place and country of birth: Tesli\u0107, B&amp;H<\/p>\n\n\n\n<p>E mail: suzana.miladictesic@sf.ues.rs.ba<\/p>\n\n\n\n<p><strong>EDUCATION<\/strong><\/p>\n\n\n\n<p><strong>Undergraduate studies<\/strong>: Institution-\nUniversity of East Sarajevo, Faculty of Transport and Traffic Engineering<\/p>\n\n\n\n<p>Title: Bachelor of Science in Traffic Engineering, Year\n2010.<\/p>\n\n\n\n<p><strong>Postgraduate studies<\/strong>: Institution-\nUniversity of Novi Sad, Faculty of Technical Sciences<\/p>\n\n\n\n<p>Title: Master of Science in Traffic Engineering, Year\n2011.<\/p>\n\n\n\n<p><strong>Doctoral studies<\/strong>:&nbsp;Institution-\nUniversity of Belgrade, Faculty of Transport and Traffic Engineering<\/p>\n\n\n\n<p>Title: &nbsp;PhD\n(Science) \u2013 Traffic Engineering, Year 2020.<\/p>\n\n\n\n<p>Title of doctoral thesis: Performance optimization of\noptical WDM networks by traffic grooming and wavelength conversion techniques<\/p>\n\n\n\n<p><strong>ELECTIONS TO EDUCATIONAL-SCIENTIFIC\nTITLES<\/strong><\/p>\n\n\n\n<p><strong>Assistant<\/strong><strong>:<\/strong> Research field \u2013 Transportation\nEngineering; Year \u2013 2012; Institution \u2013 University of East Sarajevo, Faculty of\nTransport and Traffic Engineering.<\/p>\n\n\n\n<p><strong>Senior assistant<\/strong>: Research field \u2013 Transportation\nEngineering; Year \u2013 2016; Institution \u2013 University of East Sarajevo, Faculty of\nTransport and Traffic Engineering.<\/p>\n\n\n\n<p><strong>Assistant professor<\/strong>: Research field \u2013 Transportation\nEngineering; Year \u2013 2021; Institution \u2013 University of East Sarajevo, Faculty of\nTransport and Traffic Engineering.<\/p>\n\n\n\n<p><strong>PUBLISHED PAPERS<\/strong><\/p>\n\n\n\n<p>Total number of published papers: 32<\/p>\n\n\n\n<p>Number of papers published in SCI journals: 5<\/p>\n\n\n\n<p>Please\nrefer to the link below for the full list of papers:<\/p>\n\n\n\n<ul class=\"wp-block-list\"><li><a href=\"https:\/\/scholar.google.com\/citations?hl=sr&amp;user=se1gXwgAAAAJ\">Google Scholar .<\/a><\/li><\/ul>\n","protected":false},"excerpt":{"rendered":"<p>Name:&nbsp;Suzana Miladi\u0107-Te\u0161i\u0107 Date of birth: November 9th, 1987 Place and country of birth: Tesli\u0107, B&amp;H E mail: suzana.miladictesic@sf.ues.rs.ba EDUCATION Undergraduate studies: Institution- University of East Sarajevo, Faculty of Transport and [&hellip;]<\/p>\n","protected":false},"author":1,"featured_media":0,"parent":0,"menu_order":0,"comment_status":"closed","ping_status":"closed","template":"","meta":{"footnotes":""},"class_list":["post-119","page","type-page","status-publish","hentry"],"_links":{"self":[{"href":"https:\/\/sf.ues.rs.ba\/eng\/index.php\/wp-json\/wp\/v2\/pages\/119","targetHints":{"allow":["GET"]}}],"collection":[{"href":"https:\/\/sf.ues.rs.ba\/eng\/index.php\/wp-json\/wp\/v2\/pages"}],"about":[{"href":"https:\/\/sf.ues.rs.ba\/eng\/index.php\/wp-json\/wp\/v2\/types\/page"}],"author":[{"embeddable":true,"href":"https:\/\/sf.ues.rs.ba\/eng\/index.php\/wp-json\/wp\/v2\/users\/1"}],"replies":[{"embeddable":true,"href":"https:\/\/sf.ues.rs.ba\/eng\/index.php\/wp-json\/wp\/v2\/comments?post=119"}],"version-history":[{"count":3,"href":"https:\/\/sf.ues.rs.ba\/eng\/index.php\/wp-json\/wp\/v2\/pages\/119\/revisions"}],"predecessor-version":[{"id":243,"href":"https:\/\/sf.ues.rs.ba\/eng\/index.php\/wp-json\/wp\/v2\/pages\/119\/revisions\/243"}],"wp:attachment":[{"href":"https:\/\/sf.ues.rs.ba\/eng\/index.php\/wp-json\/wp\/v2\/media?parent=119"}],"curies":[{"name":"wp","href":"https:\/\/api.w.org\/{rel}","templated":true}]}}