{"id":62,"date":"2024-05-02T14:20:00","date_gmt":"2024-05-02T13:20:00","guid":{"rendered":"https:\/\/sf.ues.rs.ba\/cmv\/?page_id=62"},"modified":"2024-06-06T22:32:54","modified_gmt":"2024-06-06T21:32:54","slug":"specifikacija-i-atesti","status":"publish","type":"page","link":"https:\/\/sf.ues.rs.ba\/cmv\/index.php\/specifikacija-i-atesti\/","title":{"rendered":"Sertifikovanje i atesti"},"content":{"rendered":"\n<p>Na osnovu odobrenja Ministarstva komunikacija i transporta Bosne i Hercegovine broj 01-04-02-2-5629\/11 od 17.11.2011. godine Saobra\u0107ajni fakultet Doboj je ovla\u0161ten za obavljanje ispitivanja iz oblasti sertifikovanja vozila za sljede\u0107e grupe poslova:<\/p>\n\n\n\n<ul class=\"wp-block-list\">\n<li style=\"margin-right:var(--wp--preset--spacing--40);margin-left:var(--wp--preset--spacing--40)\">identifikacija vozila,<\/li>\n\n\n\n<li style=\"margin-right:var(--wp--preset--spacing--40);margin-left:var(--wp--preset--spacing--40)\">utvr\u0111ivanje tehni\u010dkih karakteristika motornih i priklju\u010dnih vozila,<\/li>\n\n\n\n<li style=\"margin-right:var(--wp--preset--spacing--40);margin-left:var(--wp--preset--spacing--40)\">namjenske prepravke i rekonstrukcije vozila,<\/li>\n\n\n\n<li style=\"margin-right:var(--wp--preset--spacing--40);margin-left:var(--wp--preset--spacing--40)\">ugradnja novih sklopova, ure\u0111aja i opreme za vozila,<\/li>\n\n\n\n<li style=\"margin-right:var(--wp--preset--spacing--40);margin-left:var(--wp--preset--spacing--40)\">rekonstrukcija vozila sa pogonom motora na alternativna goriva,<\/li>\n\n\n\n<li style=\"margin-right:var(--wp--preset--spacing--40);margin-left:var(--wp--preset--spacing--40)\">sertifikovanje vozila za prevoz opasnih materija u skladu sa me\u0111unarodnim sporazumom o prevozu opasnih materija ADR,<\/li>\n\n\n\n<li style=\"margin-right:var(--wp--preset--spacing--40);margin-left:var(--wp--preset--spacing--40)\">sertifikovanje novih konstrukcija i pojedina\u010dno proizvedenih vozila.<\/li>\n<\/ul>\n\n\n\n<p>U postupku ispitivanja vozila provjerava se da li su konstrukcijske i tehni\u010dke osobine vozila i njihovih dijelova, sklopova i ure\u0111aja u skladu s propisima i normama, odnosno jesu li oni ispravno ugra\u0111eni u vozilo. Ispitivanje se sastoji od pregleda vozila, dijelova, sklopova i ure\u0111aja, snimanja tehni\u010dkog stanja vozila, pojedinih sklopova i ure\u0111aja, pregleda pripadaju\u0107e dokumentacije vozila i vlasnika vozila, stru\u010dne obrade rezultata utvr\u0111enih ispitivanjem i dono\u0161enja kona\u010dne ocjene te izdavanja Potvrde o ispitivanju vozila, tzv. atesta.<\/p>\n\n\n\n<p>Kod ispitivanja prepravki nad serijski proizvedenim vozilima, prepravka mora biti izvr\u0161ena tako da se vozilo ne dovede u bezbjednosno ili ekolo\u0161ki lo\u0161ije stanje od serijski proizvedenog vozila.<\/p>\n\n\n\n<p>Nakon provedenog ispitivanja vozila i pozitivnog rezultata izdaje se Potvrda o ispitivanju vozila, tzv. atest za vozilo u tri primjerka, jedan primjerak za podnosioca zahtjeva, jedan za potrebe MUP-a prilikom registracije vozila i jedan za arhivu ispitnog tijela. Potvrda o ispitivanju vozila je dokument koji vrijedi do promjene tehni\u010dkog stanja vozila, a u arhivi se \u010duva trajno.<\/p>\n\n\n\n<p><strong>Saradnici:<\/strong><\/p>\n\n\n\n<ul class=\"wp-block-list\">\n<li style=\"margin-right:var(--wp--preset--spacing--40);margin-left:var(--wp--preset--spacing--40)\">Prof. dr Mesud Ajanovi\u0107<\/li>\n\n\n\n<li style=\"margin-right:var(--wp--preset--spacing--40);margin-left:var(--wp--preset--spacing--40)\">Prof. dr Miroslav Kostadinovi\u0107<\/li>\n\n\n\n<li style=\"margin-right:var(--wp--preset--spacing--40);margin-left:var(--wp--preset--spacing--40)\">Doc. dr Nata\u0161a \u0110ali\u0107<\/li>\n\n\n\n<li style=\"margin-right:var(--wp--preset--spacing--40);margin-left:var(--wp--preset--spacing--40)\">Marko Kova\u010devi\u0107 dipl. ing. saob.<\/li>\n\n\n\n<li style=\"margin-right:var(--wp--preset--spacing--40);margin-left:var(--wp--preset--spacing--40)\">Msc Miroslav Pavlovi\u0107<\/li>\n<\/ul>\n\n\n\n<p><strong>Adresa<\/strong>: Solunskih dobrovoljaca b.b. u Doboju.<\/p>\n\n\n\n<blockquote class=\"wp-block-quote is-layout-flow wp-block-quote-is-layout-flow\">\n<p class=\"has-text-align-center\" style=\"line-height:0.7\"><strong>Kontakt osoba:<\/strong><\/p>\n\n\n\n<p class=\"has-text-align-center\" style=\"line-height:0.7\">Marko Kova\u010devi\u0107 dipl. ing. saob.<\/p>\n\n\n\n<p class=\"has-text-align-center\" style=\"line-height:0.7\">Tel: 065\/261-722<\/p>\n\n\n\n<p class=\"has-text-align-center\" style=\"line-height:0.7\">E mail: sertifikovanje@sf.ues.rs.ba<\/p>\n<\/blockquote>\n","protected":false},"excerpt":{"rendered":"<p>Na osnovu odobrenja Ministarstva komunikacija i transporta Bosne i Hercegovine broj 01-04-02-2-5629\/11 od 17.11.2011. godine Saobra\u0107ajni fakultet Doboj je ovla\u0161ten za obavljanje ispitivanja iz oblasti sertifikovanja vozila za sljede\u0107e grupe poslova: U postupku ispitivanja vozila provjerava se da li su konstrukcijske i tehni\u010dke osobine vozila i njihovih dijelova, sklopova i ure\u0111aja u skladu s propisima [&hellip;]<\/p>\n","protected":false},"author":1,"featured_media":0,"parent":0,"menu_order":0,"comment_status":"closed","ping_status":"closed","template":"page-no-title","meta":{"footnotes":""},"class_list":["post-62","page","type-page","status-publish","hentry"],"_links":{"self":[{"href":"https:\/\/sf.ues.rs.ba\/cmv\/index.php\/wp-json\/wp\/v2\/pages\/62","targetHints":{"allow":["GET"]}}],"collection":[{"href":"https:\/\/sf.ues.rs.ba\/cmv\/index.php\/wp-json\/wp\/v2\/pages"}],"about":[{"href":"https:\/\/sf.ues.rs.ba\/cmv\/index.php\/wp-json\/wp\/v2\/types\/page"}],"author":[{"embeddable":true,"href":"https:\/\/sf.ues.rs.ba\/cmv\/index.php\/wp-json\/wp\/v2\/users\/1"}],"replies":[{"embeddable":true,"href":"https:\/\/sf.ues.rs.ba\/cmv\/index.php\/wp-json\/wp\/v2\/comments?post=62"}],"version-history":[{"count":4,"href":"https:\/\/sf.ues.rs.ba\/cmv\/index.php\/wp-json\/wp\/v2\/pages\/62\/revisions"}],"predecessor-version":[{"id":137,"href":"https:\/\/sf.ues.rs.ba\/cmv\/index.php\/wp-json\/wp\/v2\/pages\/62\/revisions\/137"}],"wp:attachment":[{"href":"https:\/\/sf.ues.rs.ba\/cmv\/index.php\/wp-json\/wp\/v2\/media?parent=62"}],"curies":[{"name":"wp","href":"https:\/\/api.w.org\/{rel}","templated":true}]}}