{"id":60,"date":"2024-05-29T14:19:44","date_gmt":"2024-05-29T13:19:44","guid":{"rendered":"https:\/\/sf.ues.rs.ba\/cmv\/?page_id=60"},"modified":"2025-06-21T09:31:25","modified_gmt":"2025-06-21T08:31:25","slug":"sefovi-prevoza","status":"publish","type":"page","link":"https:\/\/sf.ues.rs.ba\/cmv\/index.php\/sefovi-prevoza\/","title":{"rendered":"Sefovi prevoza"},"content":{"rendered":"\n<p class=\"has-large-font-size\" style=\"margin-top:0;margin-bottom:0;font-style:normal;font-weight:700;line-height:1.5\">Stru\u010dno osposobljavanje i izdavanje potvrde za \u0161efa prevoza u drumskom saobra\u0107aju<\/p>\n\n\n\n<p>Na osnovu Rje\u0161enja Ministarstva saobra\u0107aja i veza Republike Srpske broj 13.03\/345-1709\/17 od 13.09.2017. godine&nbsp; Saobra\u0107ajni fakultet Doboj vr\u0161i&nbsp;Stru\u010dno osposobljavanje i izdavanje Potvrde o stru\u010dnoj osposobljenosti \u0161efa prevoza lica i stvari u drumskom saobra\u0107aju se vr\u0161i kontinualno po dogovoru sa kandidatima.<\/p>\n\n\n\n<p>U prilogu obavje\u0161tenja nalazi se Prijava za stru\u010dno osposobljavanje koju zainteresovani kandidat ili organizacija treba popuniti i sa ostalim dokumentima iz prijave dostaviti na mejl adresu: dekanat@sf.ues.rs.ba. Ovjerene fotokopije potrebnih dokumenata dostaviti li\u010dno ili po\u0161tom na adresu: Saobra\u0107ajni fakultet Doboj, Ul. Vojvode Mi\u0161i\u0107a 52, 74000 DOBOJ, sa naznakom \u201cDokumenti za \u0161efa prevoza\u201d.<\/p>\n\n\n\n<p>Tro\u00fckovi stru\u010dnog osposobljavanja, polaganja stru\u010dnog ispita i izdavanja potvrde za \u0161efa prevoza iznose:<\/p>\n\n\n\n<ul class=\"wp-block-list\">\n<li style=\"margin-right:var(--wp--preset--spacing--40);margin-left:var(--wp--preset--spacing--40)\">Stru\u010dno osposobljavanje i sprovo\u0111enje ispita za \u0161efa prevoza: 470,00 KM +17% PDV<\/li>\n\n\n\n<li style=\"margin-right:var(--wp--preset--spacing--40);margin-left:var(--wp--preset--spacing--40)\">Tro\u0161kovi izdavanja potvrde o stru\u010dnoj osposobljenosti: 40,00 KM +17% PDV<\/li>\n<\/ul>\n\n\n\n<p><strong>Saradnici:<\/strong><\/p>\n\n\n\n<ul class=\"wp-block-list\">\n<li style=\"margin-right:var(--wp--preset--spacing--40);margin-left:var(--wp--preset--spacing--40)\">mr Brankica Popovi\u0107<\/li>\n\n\n\n<li style=\"margin-right:var(--wp--preset--spacing--40);margin-left:var(--wp--preset--spacing--40)\">Prof. dr \u017divko Erceg<\/li>\n\n\n\n<li style=\"margin-right:var(--wp--preset--spacing--40);margin-left:var(--wp--preset--spacing--40)\">Msc Biljana Gari\u0107<\/li>\n\n\n\n<li style=\"margin-right:var(--wp--preset--spacing--40);margin-left:var(--wp--preset--spacing--40)\">Marko Kova\u010devi\u0107 dipl. ing. saob.<\/li>\n<\/ul>\n\n\n\n<p><strong>Adresa<\/strong>: Solunskih dobrovoljaca b.b. u Doboju.<\/p>\n\n\n\n<blockquote class=\"wp-block-quote is-layout-flow wp-block-quote-is-layout-flow\">\n<p class=\"has-text-align-center\" style=\"line-height:0.9\"><strong>Kontakt osoba:<\/strong><\/p>\n\n\n\n<p class=\"has-text-align-center\" style=\"line-height:0.9\">Marko Kova\u010devi\u0107 dipl. ing. saob.<\/p>\n\n\n\n<p class=\"has-text-align-center\" style=\"line-height:0.9\">Tel: 065\/261-722<\/p>\n\n\n\n<p class=\"has-text-align-center\" style=\"line-height:0.9\">E mail: sefoviprevoza@sf.ues.rs.ba<\/p>\n<\/blockquote>\n","protected":false},"excerpt":{"rendered":"<p>Stru\u010dno osposobljavanje i izdavanje potvrde za \u0161efa prevoza u drumskom saobra\u0107aju Na osnovu Rje\u0161enja Ministarstva saobra\u0107aja i veza Republike Srpske broj 13.03\/345-1709\/17 od 13.09.2017. godine&nbsp; Saobra\u0107ajni fakultet Doboj vr\u0161i&nbsp;Stru\u010dno osposobljavanje i izdavanje Potvrde o stru\u010dnoj osposobljenosti \u0161efa prevoza lica i stvari u drumskom saobra\u0107aju se vr\u0161i kontinualno po dogovoru sa kandidatima. U prilogu obavje\u0161tenja nalazi [&hellip;]<\/p>\n","protected":false},"author":1,"featured_media":0,"parent":0,"menu_order":0,"comment_status":"closed","ping_status":"closed","template":"page-no-title","meta":{"footnotes":""},"class_list":["post-60","page","type-page","status-publish","hentry"],"_links":{"self":[{"href":"https:\/\/sf.ues.rs.ba\/cmv\/index.php\/wp-json\/wp\/v2\/pages\/60","targetHints":{"allow":["GET"]}}],"collection":[{"href":"https:\/\/sf.ues.rs.ba\/cmv\/index.php\/wp-json\/wp\/v2\/pages"}],"about":[{"href":"https:\/\/sf.ues.rs.ba\/cmv\/index.php\/wp-json\/wp\/v2\/types\/page"}],"author":[{"embeddable":true,"href":"https:\/\/sf.ues.rs.ba\/cmv\/index.php\/wp-json\/wp\/v2\/users\/1"}],"replies":[{"embeddable":true,"href":"https:\/\/sf.ues.rs.ba\/cmv\/index.php\/wp-json\/wp\/v2\/comments?post=60"}],"version-history":[{"count":5,"href":"https:\/\/sf.ues.rs.ba\/cmv\/index.php\/wp-json\/wp\/v2\/pages\/60\/revisions"}],"predecessor-version":[{"id":195,"href":"https:\/\/sf.ues.rs.ba\/cmv\/index.php\/wp-json\/wp\/v2\/pages\/60\/revisions\/195"}],"wp:attachment":[{"href":"https:\/\/sf.ues.rs.ba\/cmv\/index.php\/wp-json\/wp\/v2\/media?parent=60"}],"curies":[{"name":"wp","href":"https:\/\/api.w.org\/{rel}","templated":true}]}}