{"id":55,"date":"2024-05-29T14:17:31","date_gmt":"2024-05-29T13:17:31","guid":{"rendered":"https:\/\/sf.ues.rs.ba\/cmv\/?page_id=55"},"modified":"2024-05-31T10:02:16","modified_gmt":"2024-05-31T09:02:16","slug":"strucno-osposobljavanje-savjetnikaza-bezbjednost-u-prevozu-opasnih-materija-adr-rid-adn","status":"publish","type":"page","link":"https:\/\/sf.ues.rs.ba\/cmv\/index.php\/strucno-osposobljavanje-savjetnikaza-bezbjednost-u-prevozu-opasnih-materija-adr-rid-adn\/","title":{"rendered":"SAVJETNICI  (ADR, RID, ADN)"},"content":{"rendered":"\n<p class=\"has-text-align-center has-x-large-font-size\"><strong>Stru\u010dno osposobljavanje savjetnika<\/strong><strong> <\/strong><strong>za bezbjednost u prevozu opasnih materija <\/strong><strong>(ADR, RID, ADN)<\/strong><strong><\/strong><\/p>\n\n\n\n<p>Na osnovu ovla\u0161\u0107enja broj: 13.03\/345-2618\/14 Saobra\u0107ajni fakultet Doboj organizuje nastavu za stru\u010dno osposobljavanje kanidata&nbsp;Savjetnika za bezbjednost u prevozu opasnih materija u drumskom saobra\u0107aju (ADR), \u017eeljezni\u010dkom saobra\u0107aju (RID) i vodnom saobra\u0107aju (ADN)&nbsp;i u skladu sa&nbsp;odeljkom 1.8.3.&nbsp;direktiva&nbsp;&nbsp;evropskog sporazuma ADR\/RID\/ADN&nbsp;i Zakona o prevozu opasnih materija (\u201cSlu\u017ebeni glasnik Republike Srpske\u201d, broj 15\/16) i \u010dlana 16. stav 1. Pravilnika o na\u010dinu i postupku stru\u010dnog osposobljavanja, provjere znanja i izdavanje sertifikata o osposobljenosti savjetnika za bezbjednost i o uslovima koje moraju ispunjavati ustanove koje vr\u0161e stru\u010dno osposobljavanje Savjetnika za bezbjednost (Slu\u017ebeni glasnik Republike Srpske, broj 82\/16).<\/p>\n\n\n\n<p>Nastava za stru\u010dno osposobljavanje kandidata Savjetnika za bezbjednost u prevozu opasnih materija&nbsp; odr\u017eaava se po dogovoru sa kandidatima u prostorijama Saobra\u0107ajnog fakulteta Doboj (ul. Vojvode Mi\u0161i\u0107a 52) .<\/p>\n\n\n\n<p>Ministarstvo saobra\u0107aja i veza Republike Srpske naknadno utvr\u0111uje termin za polaganje stru\u010dnog ispita.<\/p>\n\n\n\n<p>&nbsp;&nbsp;USLOVI ZA STRU\u010cNO OSPOSOBLJAVANJE SAVJETNIKA ZA BEZBJEDNOST U PREVOZU OPASNIH MATERIJA<\/p>\n\n\n\n<p>Kandidati za stru\u010dno osposobljavanje savjetnika za bezbjednost u prevozu opasnih materija (ADR, RID, ADN)&nbsp; moraju ispunjavati sljede\u0107e uslove:<\/p>\n\n\n\n<ul class=\"wp-block-list\">\n<li style=\"margin-right:var(--wp--preset--spacing--40);margin-left:var(--wp--preset--spacing--40)\">Visoka stru\u010dna sprema;<\/li>\n\n\n\n<li style=\"margin-right:var(--wp--preset--spacing--40);margin-left:var(--wp--preset--spacing--40)\">Najmanje 21 godina starosti;<\/li>\n\n\n\n<li style=\"margin-right:var(--wp--preset--spacing--40);margin-left:var(--wp--preset--spacing--40)\">Najmanje tri godine radnog iskustva na poslovima prevoza, proizvodnje ili rukovanja opasnim materijama;<\/li>\n<\/ul>\n\n\n\n<p>Kandidati za stru\u010dno osposobljavanje savjetnika dostavljaju sljede\u0107e dokumente:<\/p>\n\n\n\n<ul class=\"wp-block-list\">\n<li style=\"margin-right:var(--wp--preset--spacing--40);margin-left:var(--wp--preset--spacing--40)\">Ovjerenu fotokopiju diplome o ste\u010denoj visokoj stru\u010dnoj spremi;<\/li>\n\n\n\n<li style=\"margin-right:var(--wp--preset--spacing--40);margin-left:var(--wp--preset--spacing--40)\">Dokaz o radnom iskustvu (najmanje tri godine) na poslovima prevoza, proizvodnje ili rukovanja opasnim materijama;<\/li>\n\n\n\n<li style=\"margin-right:var(--wp--preset--spacing--40);margin-left:var(--wp--preset--spacing--40)\">Ovjerenu fotokopiju li\u010dne karte;<\/li>\n\n\n\n<li style=\"margin-right:var(--wp--preset--spacing--40);margin-left:var(--wp--preset--spacing--40)\">Dokaz o uplati naknade za stru\u010dno osposobljavanje u iznosu od 900,00 KM plus PDV (17%)<\/li>\n<\/ul>\n\n\n\n<p>Popunjen obrazac prijave za stru\u010dno osposobljavanje savjetnika potrebno je dostaviti elektronskom po\u0161tom na adresu:&nbsp;adr@sf.ues.rs.ba&nbsp;Ostala dokumenta o ispunjenosti uslova za polaganje stru\u010dnog ispita za savjetnika dostaviti prilikom dolaska na predavanje.<\/p>\n\n\n\n<p>Kandidatima je obezbje\u0111ena stru\u010dna literatura (Evropski sporazum ADR, RID, ADN), Zakon o prevozu opasnih materija, primjeri ispitnih pitanja<\/p>\n\n\n\n<p><strong>Saradnici:<\/strong><\/p>\n\n\n\n<ul class=\"wp-block-list\">\n<li style=\"margin-right:var(--wp--preset--spacing--40);margin-left:var(--wp--preset--spacing--40)\">Msc Sanja Simi\u0107<\/li>\n\n\n\n<li style=\"margin-right:var(--wp--preset--spacing--40);margin-left:var(--wp--preset--spacing--40)\">Msc Vladimir Mal\u010di\u0107<\/li>\n\n\n\n<li style=\"margin-right:var(--wp--preset--spacing--40);margin-left:var(--wp--preset--spacing--40)\">Marko Kova\u010devi\u0107 dipl. ing. saob.<\/li>\n<\/ul>\n\n\n\n<p><strong>Adresa<\/strong>: Solunskih dobrovoljaca b.b. u Doboju.<\/p>\n\n\n\n<blockquote class=\"wp-block-quote is-layout-flow wp-block-quote-is-layout-flow\">\n<p class=\"has-text-align-center\" style=\"line-height:1\"><strong>Kontakt osoba:<\/strong><\/p>\n\n\n\n<p class=\"has-text-align-center\" style=\"line-height:1\">Marko Kova\u010devi\u0107 dipl. ing. saob.<\/p>\n\n\n\n<p class=\"has-text-align-center\" style=\"line-height:1\">Tel: 065\/261-722<\/p>\n\n\n\n<p class=\"has-text-align-center\" style=\"line-height:1\">e- mail: savjetnici@sf.ues.rs.ba<\/p>\n<\/blockquote>\n","protected":false},"excerpt":{"rendered":"<p>Stru\u010dno osposobljavanje savjetnika za bezbjednost u prevozu opasnih materija (ADR, RID, ADN) Na osnovu ovla\u0161\u0107enja broj: 13.03\/345-2618\/14 Saobra\u0107ajni fakultet Doboj organizuje nastavu za stru\u010dno osposobljavanje kanidata&nbsp;Savjetnika za bezbjednost u prevozu opasnih materija u drumskom saobra\u0107aju (ADR), \u017eeljezni\u010dkom saobra\u0107aju (RID) i vodnom saobra\u0107aju (ADN)&nbsp;i u skladu sa&nbsp;odeljkom 1.8.3.&nbsp;direktiva&nbsp;&nbsp;evropskog sporazuma ADR\/RID\/ADN&nbsp;i Zakona o prevozu opasnih materija (\u201cSlu\u017ebeni [&hellip;]<\/p>\n","protected":false},"author":1,"featured_media":0,"parent":0,"menu_order":0,"comment_status":"closed","ping_status":"closed","template":"page-no-title","meta":{"footnotes":""},"class_list":["post-55","page","type-page","status-publish","hentry"],"_links":{"self":[{"href":"https:\/\/sf.ues.rs.ba\/cmv\/index.php\/wp-json\/wp\/v2\/pages\/55","targetHints":{"allow":["GET"]}}],"collection":[{"href":"https:\/\/sf.ues.rs.ba\/cmv\/index.php\/wp-json\/wp\/v2\/pages"}],"about":[{"href":"https:\/\/sf.ues.rs.ba\/cmv\/index.php\/wp-json\/wp\/v2\/types\/page"}],"author":[{"embeddable":true,"href":"https:\/\/sf.ues.rs.ba\/cmv\/index.php\/wp-json\/wp\/v2\/users\/1"}],"replies":[{"embeddable":true,"href":"https:\/\/sf.ues.rs.ba\/cmv\/index.php\/wp-json\/wp\/v2\/comments?post=55"}],"version-history":[{"count":6,"href":"https:\/\/sf.ues.rs.ba\/cmv\/index.php\/wp-json\/wp\/v2\/pages\/55\/revisions"}],"predecessor-version":[{"id":130,"href":"https:\/\/sf.ues.rs.ba\/cmv\/index.php\/wp-json\/wp\/v2\/pages\/55\/revisions\/130"}],"wp:attachment":[{"href":"https:\/\/sf.ues.rs.ba\/cmv\/index.php\/wp-json\/wp\/v2\/media?parent=55"}],"curies":[{"name":"wp","href":"https:\/\/api.w.org\/{rel}","templated":true}]}}