{"id":53,"date":"2024-05-29T14:15:46","date_gmt":"2024-05-29T13:15:46","guid":{"rendered":"https:\/\/sf.ues.rs.ba\/cmv\/?page_id=53"},"modified":"2024-05-31T09:47:09","modified_gmt":"2024-05-31T08:47:09","slug":"homologacija-vozila","status":"publish","type":"page","link":"https:\/\/sf.ues.rs.ba\/cmv\/index.php\/homologacija-vozila\/","title":{"rendered":"Homologacija vozila"},"content":{"rendered":"\n<p class=\"has-text-align-center has-x-large-font-size\" style=\"margin-right:var(--wp--preset--spacing--40);margin-left:var(--wp--preset--spacing--40)\"><strong>Homologacija vozila<\/strong><\/p>\n\n\n\n<p style=\"margin-top:0;margin-right:0;margin-bottom:0;margin-left:0;line-height:1\">Na osnovu odobrenja Ministarstva komunikacija i transporta Bosne i Hercegovine broj 04-02-2-2530-1\/22 \u043ed 12.09.2022. godine Saobra\u0107ajni fakultet Doboj je ovla\u0161teni tehni\u010dki servis za obavljanje poslova homologacije vozila.<\/p>\n\n\n\n<p style=\"margin-top:0;margin-right:0;margin-bottom:0;margin-left:0;line-height:1\">Da bi vozilo moglo biti uvezeno u Bosnu i Hercegovinu, u skladu sa va\u017ee\u0107om zakonskom legislativom, mora zadovoljiti minimalne tehni\u010dke uslove u pogledu homologacije vozila.<\/p>\n\n\n\n<p style=\"margin-top:0;margin-right:0;margin-bottom:0;margin-left:0;line-height:1\">Poslovi koje vr\u0161imo u postupku homologacije su sljede\u0107i:<\/p>\n\n\n\n<ul class=\"wp-block-list\">\n<li style=\"margin-top:0;margin-right:var(--wp--preset--spacing--40);margin-bottom:0;margin-left:var(--wp--preset--spacing--40)\">identifikacija vozila,<\/li>\n\n\n\n<li style=\"margin-top:0;margin-right:var(--wp--preset--spacing--40);margin-bottom:0;margin-left:var(--wp--preset--spacing--40)\">ocjena tehni\u010dkog stanja vozila,<\/li>\n\n\n\n<li style=\"margin-top:0;margin-right:var(--wp--preset--spacing--40);margin-bottom:0;margin-left:var(--wp--preset--spacing--40)\">pregled vozila i dokumentacije u postupku homologacije tipa vozila,<\/li>\n\n\n\n<li style=\"margin-top:0;margin-right:var(--wp--preset--spacing--40);margin-bottom:0;margin-left:var(--wp--preset--spacing--40)\">pregled vozila i dokumentacije u postupku homologacije pojedina\u010dnog vozila,<\/li>\n\n\n\n<li style=\"margin-top:0;margin-right:var(--wp--preset--spacing--40);margin-bottom:0;margin-left:var(--wp--preset--spacing--40)\">izdavanje Potvrde o uskla\u0111enosti pojedina\u010dnog vozila,<\/li>\n\n\n\n<li style=\"margin-top:0;margin-right:var(--wp--preset--spacing--40);margin-bottom:0;margin-left:var(--wp--preset--spacing--40)\">izrada tehni\u010dkih izvje\u0161taja nakon pregleda vozila,<\/li>\n\n\n\n<li style=\"margin-top:0;margin-right:var(--wp--preset--spacing--40);margin-bottom:0;margin-left:var(--wp--preset--spacing--40)\">provjera Certifikata o uskla\u0111enosti \u2013 CoC document,<\/li>\n\n\n\n<li style=\"margin-top:0;margin-right:var(--wp--preset--spacing--40);margin-bottom:0;margin-left:var(--wp--preset--spacing--40)\">provjera uskla\u0111enosti vozila.<\/li>\n<\/ul>\n\n\n\n<p style=\"line-height:1.1\">Homologacija tipa vozila provodi se za nova vozila koja se serijski proizvode i koja uvoze pravna ili fizi\u010dka lica, registrovana za prodaju vozila s namjerom da prodaju takva vozila na podru\u010dju BiH. Homologacija tipa vozila provodi se i za serijski proizvedena vozila u BiH ako je serija predmetnog tipa ve\u0107a od 10.<\/p>\n\n\n\n<p style=\"line-height:1.1\">Pregled vozila i dokumentacije u postupku homologacije pojedina\u010dnog vozila provodi se za pojedina\u010dno uvezena novoproizvedena i kori\u0161\u0107ena vozila koja se pojedni\u010dano uvoze.<\/p>\n\n\n\n<p>Za provo\u0111enje procesa homologacije potrebno je:<br>&#8211;&nbsp;&nbsp; &nbsp;Podnijeti zahtjev za homologaciju;<br>&#8211;&nbsp;&nbsp; &nbsp;Prilo\u017eiti dokaz o vlasni\u0161tvu ili kupo-prodajni ugovor za vozilo;<br>&#8211;&nbsp;&nbsp; &nbsp;Prilo\u017eiti saobra\u0107ajnu dozvolu vozila;<br>&#8211;&nbsp;&nbsp; &nbsp;Prilo\u017eiti jednistvenu carinsku ispravu;<br>&#8211;&nbsp;&nbsp; &nbsp;Prilo\u017eiti dokaz o pla\u0107enoj naknadi za sprovo\u0111enje postupka homologacije.<\/p>\n\n\n\n<p>Cjene usluga za provo\u0111enje homologacije vozila odre\u0111ene su Pravilnikom o dopunama pravilnika o homologaciji vozila \u201cSlu\u017ebeni glasnik BiH 8\/22\u201d.<\/p>\n\n\n\n<p><strong>Saradnici:<\/strong><\/p>\n\n\n\n<p style=\"margin-right:var(--wp--preset--spacing--20);margin-left:var(--wp--preset--spacing--20);line-height:0.3\">Doc. dr Zoran Ristiki\u0107<\/p>\n\n\n\n<p style=\"margin-top:var(--wp--preset--spacing--10);margin-right:var(--wp--preset--spacing--20);margin-bottom:var(--wp--preset--spacing--10);margin-left:var(--wp--preset--spacing--20);line-height:0.3\">Marko Kova\u010devi\u0107 dipl. ing. saob.<\/p>\n\n\n\n<p style=\"margin-top:0;margin-right:var(--wp--preset--spacing--20);margin-bottom:0;margin-left:var(--wp--preset--spacing--20);line-height:0.3\">Svetko Milutinovi\u0107 dipl. ing. saob.<\/p>\n\n\n\n<p style=\"margin-right:var(--wp--preset--spacing--20);margin-left:var(--wp--preset--spacing--20);line-height:0.3\">Msc Milan Eremija<\/p>\n\n\n\n<p style=\"margin-right:var(--wp--preset--spacing--20);margin-left:var(--wp--preset--spacing--20);line-height:0.3\">Mario Radonji\u0107 dipl. ing. saob.<\/p>\n\n\n\n<p style=\"margin-right:var(--wp--preset--spacing--20);margin-left:var(--wp--preset--spacing--20);line-height:0.3\">Msc Biljana Gari\u0107<\/p>\n\n\n\n<p style=\"margin-top:var(--wp--preset--spacing--20);margin-right:0;margin-bottom:var(--wp--preset--spacing--20);margin-left:0;line-height:0.3\"><strong>Adresa<\/strong>: Solunskih dobrovoljaca b.b. u Doboju.<\/p>\n\n\n\n<blockquote class=\"wp-block-quote is-layout-flow wp-block-quote-is-layout-flow\">\n<p class=\"has-text-align-center\" style=\"line-height:0.6\"><strong>Kontakt osoba:<\/strong><\/p>\n\n\n\n<p class=\"has-text-align-center\" style=\"line-height:0.6\">Mario Radonji\u0107 dipl. ing. saob.<\/p>\n\n\n\n<p class=\"has-text-align-center\" style=\"line-height:0.6\">Tel: 066\/772-902<\/p>\n\n\n\n<p class=\"has-text-align-center\" style=\"line-height:0.6\">E mail: homologacija@sf.ues.rs.ba<\/p>\n<\/blockquote>\n\n\n\n<p><\/p>\n","protected":false},"excerpt":{"rendered":"<p>Homologacija vozila Na osnovu odobrenja Ministarstva komunikacija i transporta Bosne i Hercegovine broj 04-02-2-2530-1\/22 \u043ed 12.09.2022. godine Saobra\u0107ajni fakultet Doboj je ovla\u0161teni tehni\u010dki servis za obavljanje poslova homologacije vozila. Da bi vozilo moglo biti uvezeno u Bosnu i Hercegovinu, u skladu sa va\u017ee\u0107om zakonskom legislativom, mora zadovoljiti minimalne tehni\u010dke uslove u pogledu homologacije vozila. Poslovi [&hellip;]<\/p>\n","protected":false},"author":1,"featured_media":0,"parent":0,"menu_order":0,"comment_status":"closed","ping_status":"closed","template":"page-no-title","meta":{"footnotes":""},"class_list":["post-53","page","type-page","status-publish","hentry"],"_links":{"self":[{"href":"https:\/\/sf.ues.rs.ba\/cmv\/index.php\/wp-json\/wp\/v2\/pages\/53","targetHints":{"allow":["GET"]}}],"collection":[{"href":"https:\/\/sf.ues.rs.ba\/cmv\/index.php\/wp-json\/wp\/v2\/pages"}],"about":[{"href":"https:\/\/sf.ues.rs.ba\/cmv\/index.php\/wp-json\/wp\/v2\/types\/page"}],"author":[{"embeddable":true,"href":"https:\/\/sf.ues.rs.ba\/cmv\/index.php\/wp-json\/wp\/v2\/users\/1"}],"replies":[{"embeddable":true,"href":"https:\/\/sf.ues.rs.ba\/cmv\/index.php\/wp-json\/wp\/v2\/comments?post=53"}],"version-history":[{"count":10,"href":"https:\/\/sf.ues.rs.ba\/cmv\/index.php\/wp-json\/wp\/v2\/pages\/53\/revisions"}],"predecessor-version":[{"id":126,"href":"https:\/\/sf.ues.rs.ba\/cmv\/index.php\/wp-json\/wp\/v2\/pages\/53\/revisions\/126"}],"wp:attachment":[{"href":"https:\/\/sf.ues.rs.ba\/cmv\/index.php\/wp-json\/wp\/v2\/media?parent=53"}],"curies":[{"name":"wp","href":"https:\/\/api.w.org\/{rel}","templated":true}]}}