{"id":48,"date":"2024-05-29T14:13:39","date_gmt":"2024-05-29T13:13:39","guid":{"rendered":"https:\/\/sf.ues.rs.ba\/cmv\/?page_id=48"},"modified":"2024-06-17T12:58:11","modified_gmt":"2024-06-17T11:58:11","slug":"adr-vozaci","status":"publish","type":"page","link":"https:\/\/sf.ues.rs.ba\/cmv\/index.php\/adr-vozaci\/","title":{"rendered":"Obuka voza\u010da ADR za licencu"},"content":{"rendered":"\n<p class=\"has-text-align-center has-x-large-font-size\"><strong>Obuka voza\u010da ADR za licencu<\/strong><\/p>\n\n\n\n<p style=\"line-height:1.2\">Na osnovu Rje\u0161enja Ministarstva unutra\u0161njih poslova Republike Srpske broj s\/m-215-251\/13 od 09.07.2013 godine Saobra\u0107ajni fakultet Doboj je ovla\u0161tena institucija za Stru\u010dno osposobljavanje voza\u010da motornih vozila za prevoz opasnih materija i drugih lica koja u\u010destvuju u prevozu opasnih materija.<\/p>\n\n\n\n<p style=\"line-height:1.2\">Osobe koje prevoze i u\u010destvuju u prevozu opasnih materija stru\u010dno se osposobljavaju za prevoz i pripremu opasnih materija za prevoz, utovar i istovar po programu za stru\u010dno osposobljavanje voza\u010da motornih vozila kojima se prevoze opasne meterije te osobe koje u\u010destvuju u prevozu opasnih materija.<\/p>\n\n\n\n<p style=\"line-height:1.2\">Stru\u010dno osposobljavanje je koncipirano u tri programske oblasti i to:<\/p>\n\n\n\n<ul class=\"wp-block-list\">\n<li style=\"margin-right:var(--wp--preset--spacing--40);margin-left:var(--wp--preset--spacing--40)\">Osnovni program za rukovanje i prevoz svih opasnih materija;<\/li>\n\n\n\n<li style=\"margin-right:var(--wp--preset--spacing--40);margin-left:var(--wp--preset--spacing--40)\">Specijalisti\u010dki program za prevoz opasnih materija i<\/li>\n\n\n\n<li style=\"margin-right:var(--wp--preset--spacing--40);margin-left:var(--wp--preset--spacing--40)\">Specijalisti\u010dki program za prevoz eksplozivnih materija i predmeta klase 1;<\/li>\n<\/ul>\n\n\n\n<p style=\"line-height:1\">Nakon provedenog stru\u010dnog osposoblavanja kandidat, pristupita polaganju pred komisijom Ministarstva unutra\u0161njih poslova Republike Srpske.<\/p>\n\n\n\n<p style=\"line-height:1\">Za stru\u010dno osposobljavanje neophodna je prilo\u017eiti sljede\u0107u dokumentacija:<\/p>\n\n\n\n<ul class=\"wp-block-list\">\n<li style=\"margin-right:var(--wp--preset--spacing--40);margin-left:var(--wp--preset--spacing--40)\">Popunjena prijava za stru\u010dno osposobljavanje:<\/li>\n\n\n\n<li style=\"margin-right:var(--wp--preset--spacing--40);margin-left:var(--wp--preset--spacing--40)\">Ovjerenu fotokopiju li\u010dne karte,<\/li>\n\n\n\n<li style=\"margin-right:var(--wp--preset--spacing--40);margin-left:var(--wp--preset--spacing--40)\">Ovjerenu fotokopiju voza\u010dke dozvole,<\/li>\n\n\n\n<li style=\"margin-right:var(--wp--preset--spacing--40);margin-left:var(--wp--preset--spacing--40)\">Dokaz o prebivali\u0161tu,<\/li>\n\n\n\n<li style=\"margin-right:var(--wp--preset--spacing--40);margin-left:var(--wp--preset--spacing--40)\">Diplomu i svjedo\u010dansta o ste\u010denoj stru\u010dnoj spremi,<\/li>\n\n\n\n<li style=\"margin-right:var(--wp--preset--spacing--40);margin-left:var(--wp--preset--spacing--40)\">Dokaz o zaposlenju (za zaposlene kandidate).<\/li>\n<\/ul>\n\n\n\n<p>Tro\u0161kovi stru\u010dnog osposobljavanja iznose:<\/p>\n\n\n\n<ul class=\"wp-block-list\">\n<li style=\"margin-right:var(--wp--preset--spacing--40);margin-left:var(--wp--preset--spacing--40)\">Po\u010detno stru\u010dno osposobljavanje voza\u010da motornih vozila i drugih lica za prevoz opasnih materija (ADR): 300,00 KM + 17% PDV<\/li>\n\n\n\n<li style=\"margin-right:var(--wp--preset--spacing--40);margin-left:var(--wp--preset--spacing--40)\">Stru\u010dno osposobljavanje za produ\u017eenje ADR sertifikata voza\u010da motornih vozila i drugih lica za prevoz opasnih materija (ADR): 200,00 KM + 17% PDV<\/li>\n<\/ul>\n\n\n\n<p><strong>Saradnici:<\/strong><\/p>\n\n\n\n<ul class=\"wp-block-list\">\n<li style=\"margin-right:var(--wp--preset--spacing--40);margin-left:var(--wp--preset--spacing--40)\">Marko Kova\u010devi\u0107 dipl. ing. saob.<\/li>\n\n\n\n<li style=\"margin-right:var(--wp--preset--spacing--40);margin-left:var(--wp--preset--spacing--40)\">Msc Biljana Gari\u0107<\/li>\n\n\n\n<li style=\"margin-right:var(--wp--preset--spacing--40);margin-left:var(--wp--preset--spacing--40)\">Svetko Milutinovi\u0107 dipl. ing. saob.<\/li>\n\n\n\n<li style=\"margin-right:var(--wp--preset--spacing--40);margin-left:var(--wp--preset--spacing--40)\">Mario Radonji\u0107 dipl. ing. saob.<\/li>\n<\/ul>\n\n\n\n<p><strong>Adresa:<\/strong> Solunskih dobrovoljaca b.b. u Doboju.<\/p>\n\n\n\n<blockquote class=\"wp-block-quote is-layout-flow wp-block-quote-is-layout-flow\">\n<p class=\"has-text-align-center\" style=\"line-height:0.5\"><strong>Kontakt osoba:<\/strong><\/p>\n\n\n\n<p class=\"has-text-align-center\" style=\"line-height:0.5\">Marko Kova\u010devi\u0107 dipl. ing. saob.<\/p>\n\n\n\n<p class=\"has-text-align-center\" style=\"line-height:0.5\">Tel: 065\/261-722<\/p>\n\n\n\n<p class=\"has-text-align-center\" style=\"line-height:0.5\">E mail: adrvozaci@sf.ues.rs.ba<\/p>\n<\/blockquote>\n","protected":false},"excerpt":{"rendered":"<p>Obuka voza\u010da ADR za licencu Na osnovu Rje\u0161enja Ministarstva unutra\u0161njih poslova Republike Srpske broj s\/m-215-251\/13 od 09.07.2013 godine Saobra\u0107ajni fakultet Doboj je ovla\u0161tena institucija za Stru\u010dno osposobljavanje voza\u010da motornih vozila za prevoz opasnih materija i drugih lica koja u\u010destvuju u prevozu opasnih materija. Osobe koje prevoze i u\u010destvuju u prevozu opasnih materija stru\u010dno se osposobljavaju [&hellip;]<\/p>\n","protected":false},"author":1,"featured_media":0,"parent":0,"menu_order":0,"comment_status":"closed","ping_status":"closed","template":"page-no-title","meta":{"footnotes":""},"class_list":["post-48","page","type-page","status-publish","hentry"],"_links":{"self":[{"href":"https:\/\/sf.ues.rs.ba\/cmv\/index.php\/wp-json\/wp\/v2\/pages\/48","targetHints":{"allow":["GET"]}}],"collection":[{"href":"https:\/\/sf.ues.rs.ba\/cmv\/index.php\/wp-json\/wp\/v2\/pages"}],"about":[{"href":"https:\/\/sf.ues.rs.ba\/cmv\/index.php\/wp-json\/wp\/v2\/types\/page"}],"author":[{"embeddable":true,"href":"https:\/\/sf.ues.rs.ba\/cmv\/index.php\/wp-json\/wp\/v2\/users\/1"}],"replies":[{"embeddable":true,"href":"https:\/\/sf.ues.rs.ba\/cmv\/index.php\/wp-json\/wp\/v2\/comments?post=48"}],"version-history":[{"count":5,"href":"https:\/\/sf.ues.rs.ba\/cmv\/index.php\/wp-json\/wp\/v2\/pages\/48\/revisions"}],"predecessor-version":[{"id":128,"href":"https:\/\/sf.ues.rs.ba\/cmv\/index.php\/wp-json\/wp\/v2\/pages\/48\/revisions\/128"}],"wp:attachment":[{"href":"https:\/\/sf.ues.rs.ba\/cmv\/index.php\/wp-json\/wp\/v2\/media?parent=48"}],"curies":[{"name":"wp","href":"https:\/\/api.w.org\/{rel}","templated":true}]}}