{"id":40,"date":"2024-05-29T14:10:12","date_gmt":"2024-05-29T13:10:12","guid":{"rendered":"https:\/\/sf.ues.rs.ba\/cmv\/?page_id=40"},"modified":"2025-06-21T09:29:10","modified_gmt":"2025-06-21T08:29:10","slug":"adr","status":"publish","type":"page","link":"https:\/\/sf.ues.rs.ba\/cmv\/index.php\/adr\/","title":{"rendered":"ADR"},"content":{"rendered":"\n<p class=\"has-text-align-center is-style-default has-x-large-font-size\"><strong>Pregled vozila za izdavanje ADR sertifikata<\/strong><\/p>\n\n\n\n<p style=\"line-height:1.2\">Na osnovu odobrenja Ministarstva saobra\u0107aja i veza Republike Srpske broj 13.03\/345-1-142\/17 od 14.02.2017. godine, &nbsp;Saobra\u0107ajni fakultet Doboj je ovla\u0161ten za &nbsp;pregled vozila i izdavanje sertifikata o odobrenju vozila kojim se vr\u0161i prevoz opasnih materija u drumskom saobra\u0107aju.<\/p>\n\n\n\n<p style=\"line-height:1.2\">Ispitivanja vozila za prevoz opasnih materija vr\u0161imo prema odredbama Evropskog&nbsp;sporazuma o me\u0111unarodnom drumskom prevozu opasnih materija (ADR).<\/p>\n\n\n\n<p style=\"line-height:1.2\">U skladu sa ADR Sporazumom, svako vozilo kategorija N i O, vrsta FL, AT, EX\/II, EX\/III i MEMU (namjenjeno za prevoz opasnih materija) mora zadovoljavati zahtjeve ADR sporazuma.<\/p>\n\n\n\n<p style=\"line-height:1.2\">Svako kompletno ili kompletirano vozilo mora biti podvrgnuto prvoj kontroli, kao i kontroli tehni\u010dkih karakteristika jedanput godi\u0161nje u zemlji u kojoj je registrovano. Usagla\u0161enost vozila mora biti potvr\u0111ena sertifikatom o odobrenju vozila koje&nbsp; va\u017ei najdu\u017ee 1 godinu od dana kontrole tehni\u010dkih karakteristika koja je prethodila njegovom izdavanju.<\/p>\n\n\n\n<p>Sertifikat o odobrenju vozila kojim se vr\u0161i prevoz opasnih materija u drumskom saobra\u0107aju je naeophodan u slu\u010daju prevoza sljede\u0107ih materija:<\/p>\n\n\n\n<ul class=\"wp-block-list\">\n<li style=\"margin-right:var(--wp--preset--spacing--40);margin-left:var(--wp--preset--spacing--40)\">Eksplozivne materije ili predmeti,<\/li>\n\n\n\n<li style=\"margin-right:var(--wp--preset--spacing--40);margin-left:var(--wp--preset--spacing--40)\">Gasovi,<\/li>\n\n\n\n<li style=\"margin-right:var(--wp--preset--spacing--40);margin-left:var(--wp--preset--spacing--40)\">Zapaljive teku\u0107ine,<\/li>\n\n\n\n<li style=\"margin-right:var(--wp--preset--spacing--40);margin-left:var(--wp--preset--spacing--40)\">Zapaljive \u010dvrste materije,<\/li>\n\n\n\n<li style=\"margin-right:var(--wp--preset--spacing--40);margin-left:var(--wp--preset--spacing--40)\">Oksidiraju\u0107e materije,<\/li>\n\n\n\n<li style=\"margin-right:var(--wp--preset--spacing--40);margin-left:var(--wp--preset--spacing--40)\">Otrovne i zarazne materije,<\/li>\n\n\n\n<li style=\"margin-right:var(--wp--preset--spacing--40);margin-left:var(--wp--preset--spacing--40)\">Radioaktivne materije,<\/li>\n\n\n\n<li style=\"margin-right:var(--wp--preset--spacing--40);margin-left:var(--wp--preset--spacing--40)\">Korozivne materije,<\/li>\n\n\n\n<li style=\"margin-right:var(--wp--preset--spacing--40);margin-left:var(--wp--preset--spacing--40)\">Razne opasne materije.<\/li>\n<\/ul>\n\n\n\n<p>Visine naknada za preglede vozila i izdavanje sertifikata&nbsp; iznose:<\/p>\n\n\n\n<ul class=\"wp-block-list\">\n<li style=\"margin-right:var(--wp--preset--spacing--40);margin-left:var(--wp--preset--spacing--40)\">Pregled vozila i izdavanje sertifikata kojim se vr\u0161i prevoz opasnih materija u drumskom saobra\u0107aju: 340,00 KM + 17,00 PDV<\/li>\n\n\n\n<li style=\"margin-right:var(--wp--preset--spacing--40);margin-left:var(--wp--preset--spacing--40)\">Produ\u017eenje va\u017enosti sertifikata o odobrenju vozila kojim se vr\u0161i prevoz opasnih materija u drumskom saobra\u0107aju: 200,00 KM + 17,00 PDV<\/li>\n\n\n\n<li style=\"margin-right:var(--wp--preset--spacing--40);margin-left:var(--wp--preset--spacing--40)\">Izdavanje potvrde o ispitivanju stati\u010dkog elektriciteta vozila kojim se vr\u0161i prevoz opasnih materija u drumskom saobra\u0107aju: 42,74 KM + 17% PDV<\/li>\n<\/ul>\n\n\n\n<p><strong>Adresa<\/strong>: Solunskih dobrovoljaca b.b. u Doboju.<\/p>\n\n\n\n<p><strong>Kontakt osoba:<\/strong><\/p>\n\n\n\n<blockquote class=\"wp-block-quote has-text-align-left is-layout-flow wp-block-quote-is-layout-flow\">\n<p class=\"has-text-align-center\">Mario Radonji\u0107 <\/p>\n\n\n\n<p class=\"has-text-align-center\">Tel: 066\/150-644<\/p>\n\n\n\n<p class=\"has-text-align-center\">e-mail: adrvozila@sf.ues.rs.ba<\/p>\n<\/blockquote>\n","protected":false},"excerpt":{"rendered":"<p>Pregled vozila za izdavanje ADR sertifikata Na osnovu odobrenja Ministarstva saobra\u0107aja i veza Republike Srpske broj 13.03\/345-1-142\/17 od 14.02.2017. godine, &nbsp;Saobra\u0107ajni fakultet Doboj je ovla\u0161ten za &nbsp;pregled vozila i izdavanje sertifikata o odobrenju vozila kojim se vr\u0161i prevoz opasnih materija u drumskom saobra\u0107aju. Ispitivanja vozila za prevoz opasnih materija vr\u0161imo prema odredbama Evropskog&nbsp;sporazuma o me\u0111unarodnom [&hellip;]<\/p>\n","protected":false},"author":1,"featured_media":0,"parent":0,"menu_order":0,"comment_status":"closed","ping_status":"closed","template":"page-no-title","meta":{"footnotes":""},"class_list":["post-40","page","type-page","status-publish","hentry"],"_links":{"self":[{"href":"https:\/\/sf.ues.rs.ba\/cmv\/index.php\/wp-json\/wp\/v2\/pages\/40","targetHints":{"allow":["GET"]}}],"collection":[{"href":"https:\/\/sf.ues.rs.ba\/cmv\/index.php\/wp-json\/wp\/v2\/pages"}],"about":[{"href":"https:\/\/sf.ues.rs.ba\/cmv\/index.php\/wp-json\/wp\/v2\/types\/page"}],"author":[{"embeddable":true,"href":"https:\/\/sf.ues.rs.ba\/cmv\/index.php\/wp-json\/wp\/v2\/users\/1"}],"replies":[{"embeddable":true,"href":"https:\/\/sf.ues.rs.ba\/cmv\/index.php\/wp-json\/wp\/v2\/comments?post=40"}],"version-history":[{"count":14,"href":"https:\/\/sf.ues.rs.ba\/cmv\/index.php\/wp-json\/wp\/v2\/pages\/40\/revisions"}],"predecessor-version":[{"id":194,"href":"https:\/\/sf.ues.rs.ba\/cmv\/index.php\/wp-json\/wp\/v2\/pages\/40\/revisions\/194"}],"wp:attachment":[{"href":"https:\/\/sf.ues.rs.ba\/cmv\/index.php\/wp-json\/wp\/v2\/media?parent=40"}],"curies":[{"name":"wp","href":"https:\/\/api.w.org\/{rel}","templated":true}]}}