{"id":149,"date":"2024-06-17T11:40:17","date_gmt":"2024-06-17T10:40:17","guid":{"rendered":"https:\/\/sf.ues.rs.ba\/cmv\/?page_id=149"},"modified":"2024-06-17T12:03:33","modified_gmt":"2024-06-17T11:03:33","slug":"cjenovnik","status":"publish","type":"page","link":"https:\/\/sf.ues.rs.ba\/cmv\/index.php\/cjenovnik\/","title":{"rendered":"CJENOVNIK"},"content":{"rendered":"\n<p class=\"has-text-align-center has-large-font-size\" style=\"margin-right:var(--wp--preset--spacing--10);margin-left:var(--wp--preset--spacing--10)\"><strong>CJENOVNIK USLUGA CENTRA ZA ISPITIVANJE MOTORNIH VOZILA<\/strong><\/p>\n\n\n\n<figure class=\"wp-block-table\"><table><tbody><tr><td class=\"has-text-align-center\" data-align=\"center\" colspan=\"2\"><strong>Stru\u010dna osposobljavanja<\/strong><\/td><td><strong>Cijena bez PDV<\/strong><\/td><td class=\"has-text-align-center\" data-align=\"center\"><strong>Cijena sa PDV (17%)<\/strong><\/td><\/tr><tr><td class=\"has-text-align-center\" data-align=\"center\"><strong>1<\/strong><\/td><td>Stru\u010dno osposobljavanje i sprovo\u0111enje ispita za \u0161efa prevoza<\/td><td class=\"has-text-align-center\" data-align=\"center\">470,00<\/td><td class=\"has-text-align-center\" data-align=\"center\">549,90<\/td><\/tr><tr><td class=\"has-text-align-center\" data-align=\"center\"><strong>2<\/strong><\/td><td>Izdavanje potvrde o stru\u010dnoj osposobljenosti \u0161efa prevoza<\/td><td class=\"has-text-align-center\" data-align=\"center\">40,00<\/td><td class=\"has-text-align-center\" data-align=\"center\">46,80<\/td><\/tr><tr><td class=\"has-text-align-center\" data-align=\"center\"><strong>3<\/strong><\/td><td>Stru\u010dno osposobljavanje savjetnika za bezbjednost (ADR, ADN i RID)<\/td><td class=\"has-text-align-center\" data-align=\"center\">900,00<\/td><td class=\"has-text-align-center\" data-align=\"center\">1053,00<\/td><\/tr><tr><td class=\"has-text-align-center\" data-align=\"center\"><strong>4<\/strong><\/td><td>Po\u010detno stru\u010dno osposobljavanje voza\u010da motornih vozila i drugih lica za prevoz opasnih materija (ADR)<\/td><td class=\"has-text-align-center\" data-align=\"center\">300,00<\/td><td class=\"has-text-align-center\" data-align=\"center\">351,00<\/td><\/tr><tr><td class=\"has-text-align-center\" data-align=\"center\"><strong>5<\/strong><\/td><td>Stru\u010dno osposobljavanje za produ\u017eenje ADR sertifikata voza\u010da motornih vozila i drugih lica za prevoz opasnih materija (ADR)<\/td><td class=\"has-text-align-center\" data-align=\"center\">200,00<\/td><td class=\"has-text-align-center\" data-align=\"center\">234,00<\/td><\/tr><\/tbody><\/table><\/figure>\n\n\n\n<figure class=\"wp-block-table\"><table><tbody><tr><td class=\"has-text-align-center\" data-align=\"center\" colspan=\"2\"><strong>Pregled vozila i izdavanje sertifikata kojim se vr\u0161i prevoz opasnih materija u drumskom saobra\u0107aju<\/strong><\/td><td><strong>Cijena bez PDV<\/strong><\/td><td class=\"has-text-align-center\" data-align=\"center\"><strong>Cijena sa PDV (17%)<\/strong><\/td><\/tr><tr><td class=\"has-text-align-center\" data-align=\"center\">1<\/td><td>Pregled vozila i izdavanje sertifikata kojim se vr\u0161i prevoz opasnih materija u drumskom saobra\u0107aju<\/td><td class=\"has-text-align-center\" data-align=\"center\">340,00<\/td><td class=\"has-text-align-center\" data-align=\"center\">397,80<\/td><\/tr><tr><td class=\"has-text-align-center\" data-align=\"center\">2<\/td><td>Produ\u017eenje va\u017enosti sertifikata o odobrenju vozila kojim se vr\u0161i prevoz opasnih materija u drumskom saobra\u0107aju<\/td><td class=\"has-text-align-center\" data-align=\"center\">200,00<\/td><td class=\"has-text-align-center\" data-align=\"center\">234,00<\/td><\/tr><tr><td class=\"has-text-align-center\" data-align=\"center\">3<\/td><td>Izdavanje potvrde o ispitivanju stati\u010dkog elektriciteta vozila kojim se vr\u0161i prevoz opasnih materija u drumskom saobra\u0107aju<\/td><td class=\"has-text-align-center\" data-align=\"center\">42,74<\/td><td class=\"has-text-align-center\" data-align=\"center\">50,00<\/td><\/tr><\/tbody><\/table><\/figure>\n\n\n\n<figure class=\"wp-block-table\"><table><tbody><tr><td class=\"has-text-align-center\" data-align=\"center\" colspan=\"2\"><strong>Homologacija vozila<\/strong><\/td><td class=\"has-text-align-left\" data-align=\"left\"><strong>Cijena bez PDV<\/strong><\/td><td class=\"has-text-align-center\" data-align=\"center\"><strong>Cijena sa PDV (17%)<\/strong><\/td><\/tr><tr><td class=\"has-text-align-center\" data-align=\"center\">1<\/td><td class=\"has-text-align-left\" data-align=\"left\">Homologacija pojedina\u010dnog vozila M1 i N1<\/td><td class=\"has-text-align-center\" data-align=\"center\">170,00<\/td><td class=\"has-text-align-center\" data-align=\"center\">198,90<\/td><\/tr><tr><td class=\"has-text-align-center\" data-align=\"center\">2<\/td><td class=\"has-text-align-left\" data-align=\"left\">Homologacija pojedina\u010dnog vozila M2,M3,N2 i N3<\/td><td class=\"has-text-align-center\" data-align=\"center\">280,00<\/td><td class=\"has-text-align-center\" data-align=\"center\">327,60<\/td><\/tr><tr><td class=\"has-text-align-center\" data-align=\"center\">3<\/td><td class=\"has-text-align-left\" data-align=\"left\">Homologacija pojedina\u010dnog vozila O1 i O2<\/td><td class=\"has-text-align-center\" data-align=\"center\">130,00<\/td><td class=\"has-text-align-center\" data-align=\"center\">152,10<\/td><\/tr><tr><td class=\"has-text-align-center\" data-align=\"center\">4<\/td><td class=\"has-text-align-left\" data-align=\"left\">Homologacija pojedina\u010dnog vozila O3 i O4<\/td><td class=\"has-text-align-center\" data-align=\"center\">170,00<\/td><td class=\"has-text-align-center\" data-align=\"center\">198,90<\/td><\/tr><tr><td class=\"has-text-align-center\" data-align=\"center\">5<\/td><td class=\"has-text-align-left\" data-align=\"left\">Homologacija pojedina\u010dnog vozila L1,L2 i L3<\/td><td class=\"has-text-align-center\" data-align=\"center\">90,00<\/td><td class=\"has-text-align-center\" data-align=\"center\">105,30<\/td><\/tr><tr><td class=\"has-text-align-center\" data-align=\"center\">6<\/td><td class=\"has-text-align-left\" data-align=\"left\">Homologacija pojedina\u010dnog vozila L4 i L5<\/td><td class=\"has-text-align-center\" data-align=\"center\">100,00<\/td><td class=\"has-text-align-center\" data-align=\"center\">117,00<\/td><\/tr><tr><td class=\"has-text-align-center\" data-align=\"center\">7<\/td><td class=\"has-text-align-left\" data-align=\"left\">Homologacija pojedina\u010dnog vozila L6 i L7<\/td><td class=\"has-text-align-center\" data-align=\"center\">110,00<\/td><td class=\"has-text-align-center\" data-align=\"center\">128,70<\/td><\/tr><tr><td class=\"has-text-align-center\" data-align=\"center\">8<\/td><td class=\"has-text-align-left\" data-align=\"left\">Identifikacija i ocjena tehni\u010dkog stanja vozila M1 i N1<\/td><td class=\"has-text-align-center\" data-align=\"center\">127,50<\/td><td class=\"has-text-align-center\" data-align=\"center\">149,18<\/td><\/tr><tr><td class=\"has-text-align-center\" data-align=\"center\">9<\/td><td class=\"has-text-align-left\" data-align=\"left\">Identifikacija i ocjena tehni\u010dkog stanja vozila M2,M3,N2 i N3<\/td><td class=\"has-text-align-center\" data-align=\"center\">210,00<\/td><td class=\"has-text-align-center\" data-align=\"center\">245,70<\/td><\/tr><tr><td class=\"has-text-align-center\" data-align=\"center\">10<\/td><td class=\"has-text-align-left\" data-align=\"left\">Identifikacija i ocjena tehni\u010dkog stanja vozila O1 i O2<\/td><td class=\"has-text-align-center\" data-align=\"center\">97,50<\/td><td class=\"has-text-align-center\" data-align=\"center\">114,08<\/td><\/tr><tr><td class=\"has-text-align-center\" data-align=\"center\">11<\/td><td class=\"has-text-align-left\" data-align=\"left\">Identifikacija i ocjena tehni\u010dkog stanja vozila O3 i O4<\/td><td class=\"has-text-align-center\" data-align=\"center\">127,50<\/td><td class=\"has-text-align-center\" data-align=\"center\">149,18<\/td><\/tr><tr><td class=\"has-text-align-center\" data-align=\"center\">12<\/td><td class=\"has-text-align-left\" data-align=\"left\">Identifikacija i ocjena tehni\u010dkog stanja vozila L1,L2 i L3<\/td><td class=\"has-text-align-center\" data-align=\"center\">67,50<\/td><td class=\"has-text-align-center\" data-align=\"center\">78,98<\/td><\/tr><tr><td class=\"has-text-align-center\" data-align=\"center\">13<\/td><td class=\"has-text-align-left\" data-align=\"left\">Identifikacija i ocjena tehni\u010dkog stanja vozila L4 i L5<\/td><td class=\"has-text-align-center\" data-align=\"center\">75,00<\/td><td class=\"has-text-align-center\" data-align=\"center\">87,75<\/td><\/tr><\/tbody><\/table><\/figure>\n\n\n\n<figure class=\"wp-block-table\"><table><tbody><tr><td class=\"has-text-align-center\" data-align=\"center\" colspan=\"2\"><strong>Sertifikovanje vozila<\/strong><\/td><td><strong>Cijena bez PDV<\/strong><\/td><td class=\"has-text-align-center\" data-align=\"center\"><strong>Cijena sa PDV (17%)<\/strong><\/td><\/tr><tr><td class=\"has-text-align-center\" data-align=\"center\">1<\/td><td>Verifikacija brojeva na pogonskom agregatu i \u0161asiji vozila L, M1, N1, O1 i O2<\/td><td class=\"has-text-align-center\" data-align=\"center\">100,00<\/td><td class=\"has-text-align-center\" data-align=\"center\">117,00<\/td><\/tr><tr><td class=\"has-text-align-center\" data-align=\"center\">2<\/td><td>Verifikacija brojeva na pogonskom agregatu i \u0161asiji vozila M2, M3, N2, N3, O3, O4, T, C i radne ma\u0161ine<\/td><td class=\"has-text-align-center\" data-align=\"center\">120,00<\/td><td class=\"has-text-align-center\" data-align=\"center\">140,40<\/td><\/tr><tr><td class=\"has-text-align-center\" data-align=\"center\">3<\/td><td>Ukucavanje broja na pogonski agregat ili \u0161asiju vozila, s verifikacijom broja L, M1, N1, O1 i O2<\/td><td class=\"has-text-align-center\" data-align=\"center\">150,00<\/td><td class=\"has-text-align-center\" data-align=\"center\">175,50<\/td><\/tr><tr><td class=\"has-text-align-center\" data-align=\"center\">4<\/td><td>Ukucavanje broja na pogonski agregat ili \u0161asiju vozila, s verifikacijom broja M2, M3, N2, N3, O3, O4, T, C i radne ma\u0161ine<\/td><td class=\"has-text-align-center\" data-align=\"center\">200,00<\/td><td class=\"has-text-align-center\" data-align=\"center\">234,00<\/td><\/tr><tr><td class=\"has-text-align-center\" data-align=\"center\">5<\/td><td>Ispitivanje vozila kod zamjene pogonskog agregata L, M1, N1<\/td><td class=\"has-text-align-center\" data-align=\"center\">150,00<\/td><td class=\"has-text-align-center\" data-align=\"center\">175,50<\/td><\/tr><tr><td class=\"has-text-align-center\" data-align=\"center\">6<\/td><td>Ispitivanje vozila kod zamjene pogonskog agregata M2, M3, N2, N3, T, C i radne ma\u0161ine<\/td><td class=\"has-text-align-center\" data-align=\"center\">200,00<\/td><td class=\"has-text-align-center\" data-align=\"center\">234,00<\/td><\/tr><tr><td class=\"has-text-align-center\" data-align=\"center\">7<\/td><td>Ispitivanja vozila kod remonta pogonskog agregata L, M1, N1<\/td><td class=\"has-text-align-center\" data-align=\"center\">400,00<\/td><td class=\"has-text-align-center\" data-align=\"center\">468,00<\/td><\/tr><tr><td class=\"has-text-align-center\" data-align=\"center\">8<\/td><td>Ispitivanja vozila kod remonta pogonskog agregata M2, M3, N2, N3, T, C i radne ma\u0161ine<\/td><td class=\"has-text-align-center\" data-align=\"center\">500,00<\/td><td class=\"has-text-align-center\" data-align=\"center\">585,00<\/td><\/tr><tr><td class=\"has-text-align-center\" data-align=\"center\">9<\/td><td>Ispitivanje vozila kod zamjene karoserije vozila L, M1, N1, O1 i O2<\/td><td class=\"has-text-align-center\" data-align=\"center\">300,00<\/td><td class=\"has-text-align-center\" data-align=\"center\">351,00<\/td><\/tr><tr><td class=\"has-text-align-center\" data-align=\"center\">10<\/td><td>Ispitivanje vozila kod zamjene karoserije vozila M2, M3, N2, N3, O3, O4, T, C i radne ma\u0161ine<\/td><td class=\"has-text-align-center\" data-align=\"center\">400,00<\/td><td class=\"has-text-align-center\" data-align=\"center\">468,00<\/td><\/tr><tr><td class=\"has-text-align-center\" data-align=\"center\">11<\/td><td>Ispitivanje vozila kod rekonstrukcije ili prepravke vozila M1,N1<\/td><td class=\"has-text-align-center\" data-align=\"center\">300,00<\/td><td class=\"has-text-align-center\" data-align=\"center\">351,00<\/td><\/tr><tr><td class=\"has-text-align-center\" data-align=\"center\">12<\/td><td>Ispitivanje vozila kod rekonstrukcije ili prepravke vozila M2, M3, N2, N3<\/td><td class=\"has-text-align-center\" data-align=\"center\">400,00<\/td><td class=\"has-text-align-center\" data-align=\"center\">468,00<\/td><\/tr><tr><td class=\"has-text-align-center\" data-align=\"center\">13<\/td><td>Ispitivanje kod sastavljanja vozila L, M1, N1<\/td><td class=\"has-text-align-center\" data-align=\"center\">300,00<\/td><td class=\"has-text-align-center\" data-align=\"center\">351,00<\/td><\/tr><tr><td class=\"has-text-align-center\" data-align=\"center\">14<\/td><td>Ispitivanje kod sastavljanja vozila M2, M3, N2, N3, T, C i radne ma\u0161ine<\/td><td class=\"has-text-align-center\" data-align=\"center\">450,00<\/td><td class=\"has-text-align-center\" data-align=\"center\">526,50<\/td><\/tr><tr><td class=\"has-text-align-center\" data-align=\"center\">15<\/td><td>Ispitivanje vozila u skladu sa me\u0111unarodnim propisima na snazi u BiH N1, O1 i O2<\/td><td class=\"has-text-align-center\" data-align=\"center\">300,00<\/td><td class=\"has-text-align-center\" data-align=\"center\">351,00<\/td><\/tr><tr><td class=\"has-text-align-center\" data-align=\"center\">16<\/td><td>Ispitivanje vozila u skladu sa me\u0111unarodnim propisima na snazi u BiH N2, N3, O3, O4<\/td><td class=\"has-text-align-center\" data-align=\"center\">400,00<\/td><td class=\"has-text-align-center\" data-align=\"center\">468,00<\/td><\/tr><tr><td class=\"has-text-align-center\" data-align=\"center\">17<\/td><td>Utvr\u0111ivanje tehni\u010dkih karakteriska vozila L, M1, N1, O1 i O2<\/td><td class=\"has-text-align-center\" data-align=\"center\">150,00<\/td><td class=\"has-text-align-center\" data-align=\"center\">175,50<\/td><\/tr><tr><td class=\"has-text-align-center\" data-align=\"center\">18<\/td><td>Utvr\u0111ivanje tehni\u010dkih karakteriska vozila M2, M3, N2, N3, O3, O4, T, C i radne ma\u0161ine<\/td><td class=\"has-text-align-center\" data-align=\"center\">200,00<\/td><td class=\"has-text-align-center\" data-align=\"center\">234,00<\/td><\/tr><tr><td class=\"has-text-align-center\" data-align=\"center\">19<\/td><td>Ispitivanje vozila kod ugradnje sistema dvojnih\/pomo\u0107nih komandi L, M1, N1<\/td><td class=\"has-text-align-center\" data-align=\"center\">200,00<\/td><td class=\"has-text-align-center\" data-align=\"center\">234,00<\/td><\/tr><tr><td class=\"has-text-align-center\" data-align=\"center\">20<\/td><td>Ispitivanje vozila kod ugradnje sistema dvojnih\/pomo\u0107nih komandi M2, M3, N2, N3<\/td><td class=\"has-text-align-center\" data-align=\"center\">300,00<\/td><td class=\"has-text-align-center\" data-align=\"center\">351,00<\/td><\/tr><tr><td class=\"has-text-align-center\" data-align=\"center\">21<\/td><td>Ispitivanje vozila kod izrade novih konstrukcija vozila L, M1, N1, O1 i O2<\/td><td class=\"has-text-align-center\" data-align=\"center\">600,00<\/td><td class=\"has-text-align-center\" data-align=\"center\">702,00<\/td><\/tr><tr><td class=\"has-text-align-center\" data-align=\"center\">22<\/td><td>Ispitivanje vozila kod izrade novih konstrukcija vozila M2, M3, N2, N3, O3, O4, T, C i radne ma\u0161ine<\/td><td class=\"has-text-align-center\" data-align=\"center\">900,00<\/td><td class=\"has-text-align-center\" data-align=\"center\">1053,00<\/td><\/tr><tr><td class=\"has-text-align-center\" data-align=\"center\">23<\/td><td>Ispitivanje vozila kod ugradnje sistema za pogon vozila na alternativna goriva M1, N1<\/td><td class=\"has-text-align-center\" data-align=\"center\">150,00<\/td><td class=\"has-text-align-center\" data-align=\"center\">175,50<\/td><\/tr><tr><td class=\"has-text-align-center\" data-align=\"center\">24<\/td><td>Ispitivanje vozila kod ugradnje sistema za pogon vozila na alternativna goriva M2, M3, N2, N3<\/td><td class=\"has-text-align-center\" data-align=\"center\">200,00<\/td><td class=\"has-text-align-center\" data-align=\"center\">234,00<\/td><\/tr><tr><td class=\"has-text-align-center\" data-align=\"center\">25<\/td><td>Pregled vozila u svrhu Sporazuma UN-ECE 1997 O<\/td><td class=\"has-text-align-center\" data-align=\"center\">100,00<\/td><td class=\"has-text-align-center\" data-align=\"center\">117,00<\/td><\/tr><tr><td class=\"has-text-align-center\" data-align=\"center\">26<\/td><td>Pregled vozila u svrhu Sporazuma UN-ECE 1997 N<\/td><td class=\"has-text-align-center\" data-align=\"center\">200,00<\/td><td class=\"has-text-align-center\" data-align=\"center\">234,00<\/td><\/tr><\/tbody><\/table><\/figure>\n","protected":false},"excerpt":{"rendered":"<p>CJENOVNIK USLUGA CENTRA ZA ISPITIVANJE MOTORNIH VOZILA Stru\u010dna osposobljavanja Cijena bez PDV Cijena sa PDV (17%) 1 Stru\u010dno osposobljavanje i sprovo\u0111enje ispita za \u0161efa prevoza 470,00 549,90 2 Izdavanje potvrde o stru\u010dnoj osposobljenosti \u0161efa prevoza 40,00 46,80 3 Stru\u010dno osposobljavanje savjetnika za bezbjednost (ADR, ADN i RID) 900,00 1053,00 4 Po\u010detno stru\u010dno osposobljavanje voza\u010da motornih [&hellip;]<\/p>\n","protected":false},"author":1,"featured_media":0,"parent":0,"menu_order":0,"comment_status":"closed","ping_status":"closed","template":"stranicawide","meta":{"footnotes":""},"class_list":["post-149","page","type-page","status-publish","hentry"],"_links":{"self":[{"href":"https:\/\/sf.ues.rs.ba\/cmv\/index.php\/wp-json\/wp\/v2\/pages\/149","targetHints":{"allow":["GET"]}}],"collection":[{"href":"https:\/\/sf.ues.rs.ba\/cmv\/index.php\/wp-json\/wp\/v2\/pages"}],"about":[{"href":"https:\/\/sf.ues.rs.ba\/cmv\/index.php\/wp-json\/wp\/v2\/types\/page"}],"author":[{"embeddable":true,"href":"https:\/\/sf.ues.rs.ba\/cmv\/index.php\/wp-json\/wp\/v2\/users\/1"}],"replies":[{"embeddable":true,"href":"https:\/\/sf.ues.rs.ba\/cmv\/index.php\/wp-json\/wp\/v2\/comments?post=149"}],"version-history":[{"count":2,"href":"https:\/\/sf.ues.rs.ba\/cmv\/index.php\/wp-json\/wp\/v2\/pages\/149\/revisions"}],"predecessor-version":[{"id":160,"href":"https:\/\/sf.ues.rs.ba\/cmv\/index.php\/wp-json\/wp\/v2\/pages\/149\/revisions\/160"}],"wp:attachment":[{"href":"https:\/\/sf.ues.rs.ba\/cmv\/index.php\/wp-json\/wp\/v2\/media?parent=149"}],"curies":[{"name":"wp","href":"https:\/\/api.w.org\/{rel}","templated":true}]}}