{"id":34911,"date":"2023-03-23T10:05:29","date_gmt":"2023-03-23T09:05:29","guid":{"rendered":"https:\/\/sf.ues.rs.ba\/cir\/?page_id=34911"},"modified":"2023-09-22T21:07:04","modified_gmt":"2023-09-22T19:07:04","slug":"dgtrans","status":"publish","type":"page","link":"https:\/\/sf.ues.rs.ba\/cir\/?page_id=34911","title":{"rendered":"\u0414\u0413\u0422\u0420\u0410\u041d\u0421"},"content":{"rendered":"\n<div class=\"wp-block-columns is-layout-flex wp-container-core-columns-is-layout-9d6595d7 wp-block-columns-is-layout-flex\">\n<div class=\"wp-block-column is-layout-flow wp-block-column-is-layout-flow\" style=\"flex-basis:66.66%\"><div class=\"wp-block-image\">\n<figure class=\"aligncenter size-full\"><a href=\"https:\/\/sf.ues.rs.ba\/cir\/wp-content\/uploads\/2023\/02\/dgtrans_footer_logo.png\"><img loading=\"lazy\" decoding=\"async\" width=\"581\" height=\"273\" src=\"https:\/\/sf.ues.rs.ba\/cir\/wp-content\/uploads\/2023\/02\/dgtrans_footer_logo.png\" alt=\"\" class=\"wp-image-34692\" srcset=\"https:\/\/sf.ues.rs.ba\/cir\/wp-content\/uploads\/2023\/02\/dgtrans_footer_logo.png 581w, https:\/\/sf.ues.rs.ba\/cir\/wp-content\/uploads\/2023\/02\/dgtrans_footer_logo-300x141.png 300w, https:\/\/sf.ues.rs.ba\/cir\/wp-content\/uploads\/2023\/02\/dgtrans_footer_logo-24x11.png 24w, https:\/\/sf.ues.rs.ba\/cir\/wp-content\/uploads\/2023\/02\/dgtrans_footer_logo-36x17.png 36w, https:\/\/sf.ues.rs.ba\/cir\/wp-content\/uploads\/2023\/02\/dgtrans_footer_logo-48x23.png 48w\" sizes=\"auto, (max-width: 581px) 100vw, 581px\" \/><\/a><\/figure>\n<\/div><\/div>\n<\/div>\n\n\n\n<p>\u0423 \u0441\u043a\u043b\u043e\u043f\u0443 \u043f\u0440\u043e\u0458\u0435\u043a\u0442\u0430 DGTRANS (\u0422\u0440\u0430\u043d\u0441\u043f\u043e\u0440\u0442 \u041e\u043f\u0430\u0441\u043d\u0438\u0445 \u041c\u0430\u0442\u0435\u0440\u0438\u0458\u0430) \u043e\u0434\u0440\u0436\u0430\u043d \u0458\u0435 \u0441\u0430\u0441\u0442\u0430\u043d\u0430\u043a \u0441\u0430 \u043f\u0440\u0435\u0434\u0443\u0437\u0435\u045b\u0438\u043c\u0430 \u0438\u0437 \u043e\u0431\u043b\u0430\u0441\u0442\u0438 \u0442\u0440\u0430\u043d\u0441\u043f\u043e\u0440\u0442\u0430 \u043e\u043f\u0430\u0441\u043d\u0438\u0445 \u043c\u0430\u0442\u0435\u0440\u0438\u0458\u0430 \u043d\u0430 \u043f\u0440\u043e\u0441\u0442\u043e\u0440\u0443 \u0411\u0438\u0425. Erasmus + \u041f\u0440\u043e\u0458\u0435\u043a\u0442 DGTRANS \u0437\u0430 \u0446\u0438\u0459 \u0438\u043c\u0430 \u0443\u043d\u0430\u043f\u0440\u0435\u0452\u0435\u045a\u0435 \u0441\u0438\u0433\u0443\u0440\u043d\u043e\u0441\u0442\u0438 \u0438 \u0431\u0435\u0437\u0431\u0458\u0435\u0434\u043d\u043e\u0441\u0442\u0438 \u0442\u0440\u0430\u043d\u0441\u043f\u043e\u0440\u0442\u0430 \u043e\u043f\u0430\u0441\u043d\u0438\u0445 \u043c\u0430\u0442\u0435\u0440\u0438\u0458\u0430 \u043d\u0430 \u043f\u0440\u043e\u0441\u0442\u043e\u0440\u0438\u043c\u0430 \u0411\u0438\u0425, \u0417\u0430\u043f\u0430\u0434\u043d\u043e\u043c \u0411\u0430\u043b\u043a\u0430\u043d\u0443 \u0438 \u0415\u0423. \u0412\u043e\u0434\u0438\u0442\u0435\u0459 \u043f\u0440\u043e\u0458\u0435\u043a\u0442\u0430 \u041f\u0440\u043e\u0444.\u0434\u0440. \u041e\u0441\u043c\u0430\u043d \u041b\u0438\u043d\u0434\u043e\u0432 \u0438\u0437\u0440\u0430\u0437\u0438\u043e \u0458\u0435 \u0437\u0430\u0434\u043e\u0432\u043e\u0459\u0441\u0442\u0432\u043e \u0443 \u043f\u043e\u0433\u043b\u0435\u0434\u0443 \u0441\u0430\u0440\u0430\u0434\u045a\u0435 \u0441\u0430 \u043a\u043e\u043b\u0435\u0433\u0430\u043c\u0430 \u0438\u0437 \u0414\u043e\u0431\u043e\u0458\u0430 \u0441\u0430 \u043a\u043e\u0458\u0438\u043c \u0437\u0430\u0458\u0435\u0434\u043d\u043e \u0443\u0447\u0435\u0441\u0442\u0432\u0443\u0458\u0443 \u0443 \u043f\u0440\u043e\u0458\u0435\u043a\u0442\u0443. \u0426\u0438\u0459 \u043f\u0440\u043e\u0458\u0435\u043a\u0442\u0430 \u0458\u0435 \u043e\u043f\u0440\u0435\u043c\u0438\u0442\u0438 \u043b\u0430\u0431\u043e\u0440\u0430\u0442\u043e\u0440\u0438\u0458\u0435, \u043f\u043e\u043d\u0443\u0434\u0438\u0442\u0438 \u0438\u0437\u043c\u0458\u0435\u043d\u0443 \u043a\u0443\u0440\u0441\u0435\u0432\u0430 \u043d\u0430 \u0424\u0430\u043a\u0443\u043b\u0442\u0435\u0442\u0438\u043c\u0430, \u043f\u043e\u0431\u043e\u0459\u0448\u0430\u0442\u0438 \u0435\u0434\u0443\u043a\u0430\u0446\u0438\u0458\u0443 \u043f\u0440\u043e\u0444\u0435\u0441\u0438\u043e\u043d\u0430\u043b\u0430\u0446\u0430. \u0423\u0447\u0435\u0441\u043d\u0438\u0446\u0438 \u0441\u0430\u0441\u0442\u0430\u043d\u043a\u0430 \u0441\u0443 \u0440\u0430\u0437\u043c\u0438\u0458\u0435\u043d\u0438\u043b\u0438 \u0438\u0441\u043a\u0443\u0441\u0442\u0432\u0430 \u0437\u0430\u0458\u0435\u0434\u043d\u043e \u0441\u0430 15 \u043e\u0441\u043e\u0431\u0430 \u043a\u043e\u0458\u0430 \u0434\u043e\u043b\u0430\u0437\u0435 \u0438\u0437 \u043f\u0440\u0435\u0434\u0443\u0437\u0435\u045b\u0430 \u043a\u043e\u0458\u0430 \u0441\u0435 \u0431\u0430\u0432\u0435 \u0442\u0440\u0430\u043d\u0441\u043f\u043e\u0440\u0442\u043e\u043c \u043e\u043f\u0430\u0441\u043d\u0438\u0445 \u043c\u0430\u0442\u0435\u0440\u0438\u0458\u0430.\u00a0<\/p>\n\n\n\n\t\t<!-- MasterSlider -->\n\t\t<div id=\"P_MS69f26e251222d\" class=\"master-slider-parent msl ms-parent-id-57\" style=\"max-width:1000px;\">\n\n\t\t\t\n\t\t\t<!-- MasterSlider Main -->\n\t\t\t<div id=\"MS69f26e251222d\" class=\"master-slider ms-skin-default\" >\n\t\t\t\t \t\t\t\t \n\t\t\t\t<div  class=\"ms-slide\" data-delay=\"3\" data-fill-mode=\"fill\"  >\n\t\t\t\t\t<img decoding=\"async\" src=\"https:\/\/sf.ues.rs.ba\/cir\/wp-content\/plugins\/master-slider\/public\/assets\/css\/blank.gif\" alt=\"\" title=\"\" data-src=\"https:\/\/sf.ues.rs.ba\/cir\/wp-content\/uploads\/2023\/09\/IMG_2957-scaled-1000x500.jpg\" \/>\n\n\n\t<div class=\"ms-thumb\" ><div class=\"ms-tab-context\"><div class=\"&quot;ms-tab-context&quot;\"><\/div><\/div>\n<\/div>\n\t\t\t\t<\/div>\n\t\t\t\t<div  class=\"ms-slide\" data-delay=\"3\" data-fill-mode=\"fill\"  >\n\t\t\t\t\t<img decoding=\"async\" src=\"https:\/\/sf.ues.rs.ba\/cir\/wp-content\/plugins\/master-slider\/public\/assets\/css\/blank.gif\" alt=\"\" title=\"\" data-src=\"https:\/\/sf.ues.rs.ba\/cir\/wp-content\/uploads\/2023\/09\/IMG_2958-scaled-1000x500.jpg\" \/>\n\n\n\t<div class=\"ms-thumb\" ><div class=\"ms-tab-context\"><div class=\"&quot;ms-tab-context&quot;\"><\/div><\/div>\n<\/div>\n\t\t\t\t<\/div>\n\t\t\t\t<div  class=\"ms-slide\" data-delay=\"3\" data-fill-mode=\"fill\"  >\n\t\t\t\t\t<img decoding=\"async\" src=\"https:\/\/sf.ues.rs.ba\/cir\/wp-content\/plugins\/master-slider\/public\/assets\/css\/blank.gif\" alt=\"\" title=\"\" data-src=\"https:\/\/sf.ues.rs.ba\/cir\/wp-content\/uploads\/2023\/09\/IMG_2959-scaled-1000x500.jpg\" \/>\n\n\n\t<div class=\"ms-thumb\" ><div class=\"ms-tab-context\"><div class=\"&quot;ms-tab-context&quot;\"><\/div><\/div>\n<\/div>\n\t\t\t\t<\/div>\n\t\t\t\t<div  class=\"ms-slide\" data-delay=\"3\" data-fill-mode=\"fill\"  >\n\t\t\t\t\t<img decoding=\"async\" src=\"https:\/\/sf.ues.rs.ba\/cir\/wp-content\/plugins\/master-slider\/public\/assets\/css\/blank.gif\" alt=\"\" title=\"\" data-src=\"https:\/\/sf.ues.rs.ba\/cir\/wp-content\/uploads\/2023\/09\/IMG_2962-scaled-1000x500.jpg\" \/>\n\n\n\t<div class=\"ms-thumb\" ><div class=\"ms-tab-context\"><div class=\"&quot;ms-tab-context&quot;\"><\/div><\/div>\n<\/div>\n\t\t\t\t<\/div>\n\t\t\t\t<div  class=\"ms-slide\" data-delay=\"3\" data-fill-mode=\"fill\"  >\n\t\t\t\t\t<img decoding=\"async\" src=\"https:\/\/sf.ues.rs.ba\/cir\/wp-content\/plugins\/master-slider\/public\/assets\/css\/blank.gif\" alt=\"\" title=\"\" data-src=\"https:\/\/sf.ues.rs.ba\/cir\/wp-content\/uploads\/2023\/09\/IMG_2964-scaled-1000x500.jpg\" \/>\n\n\n\t<div class=\"ms-thumb\" ><div class=\"ms-tab-context\"><div class=\"&quot;ms-tab-context&quot;\"><\/div><\/div>\n<\/div>\n\t\t\t\t<\/div>\n\t\t\t\t<div  class=\"ms-slide\" data-delay=\"3\" data-fill-mode=\"fill\"  >\n\t\t\t\t\t<img decoding=\"async\" src=\"https:\/\/sf.ues.rs.ba\/cir\/wp-content\/plugins\/master-slider\/public\/assets\/css\/blank.gif\" alt=\"\" title=\"\" data-src=\"https:\/\/sf.ues.rs.ba\/cir\/wp-content\/uploads\/2023\/09\/IMG_2965-scaled-1000x500.jpg\" \/>\n\n\n\t<div class=\"ms-thumb\" ><div class=\"ms-tab-context\"><div class=\"&quot;ms-tab-context&quot;\"><\/div><\/div>\n<\/div>\n\t\t\t\t<\/div>\n\t\t\t\t<div  class=\"ms-slide\" data-delay=\"3\" data-fill-mode=\"fill\"  >\n\t\t\t\t\t<img decoding=\"async\" src=\"https:\/\/sf.ues.rs.ba\/cir\/wp-content\/plugins\/master-slider\/public\/assets\/css\/blank.gif\" alt=\"\" title=\"\" data-src=\"https:\/\/sf.ues.rs.ba\/cir\/wp-content\/uploads\/2023\/09\/IMG_2966-scaled-1000x500.jpg\" \/>\n\n\n\t<div class=\"ms-thumb\" ><div class=\"ms-tab-context\"><div class=\"&quot;ms-tab-context&quot;\"><\/div><\/div>\n<\/div>\n\t\t\t\t<\/div>\n\t\t\t\t<div  class=\"ms-slide\" data-delay=\"3\" data-fill-mode=\"fill\"  >\n\t\t\t\t\t<img decoding=\"async\" src=\"https:\/\/sf.ues.rs.ba\/cir\/wp-content\/plugins\/master-slider\/public\/assets\/css\/blank.gif\" alt=\"\" title=\"\" data-src=\"https:\/\/sf.ues.rs.ba\/cir\/wp-content\/uploads\/2023\/09\/IMG_2967-scaled-1000x500.jpg\" \/>\n\n\n\t<div class=\"ms-thumb\" ><div class=\"ms-tab-context\"><div class=\"&quot;ms-tab-context&quot;\"><\/div><\/div>\n<\/div>\n\t\t\t\t<\/div>\n\t\t\t\t<div  class=\"ms-slide\" data-delay=\"3\" data-fill-mode=\"fill\"  >\n\t\t\t\t\t<img decoding=\"async\" src=\"https:\/\/sf.ues.rs.ba\/cir\/wp-content\/plugins\/master-slider\/public\/assets\/css\/blank.gif\" alt=\"\" title=\"\" data-src=\"https:\/\/sf.ues.rs.ba\/cir\/wp-content\/uploads\/2023\/09\/IMG_2968-scaled-1000x500.jpg\" \/>\n\n\n\t<div class=\"ms-thumb\" ><div class=\"ms-tab-context\"><div class=\"&quot;ms-tab-context&quot;\"><\/div><\/div>\n<\/div>\n\t\t\t\t<\/div>\n\t\t\t\t<div  class=\"ms-slide\" data-delay=\"3\" data-fill-mode=\"fill\"  >\n\t\t\t\t\t<img decoding=\"async\" src=\"https:\/\/sf.ues.rs.ba\/cir\/wp-content\/plugins\/master-slider\/public\/assets\/css\/blank.gif\" alt=\"\" title=\"\" data-src=\"https:\/\/sf.ues.rs.ba\/cir\/wp-content\/uploads\/2023\/09\/IMG_2969-scaled-1000x500.jpg\" \/>\n\n\n\t<div class=\"ms-thumb\" ><div class=\"ms-tab-context\"><div class=\"&quot;ms-tab-context&quot;\"><\/div><\/div>\n<\/div>\n\t\t\t\t<\/div>\n\t\t\t\t<div  class=\"ms-slide\" data-delay=\"3\" data-fill-mode=\"fill\"  >\n\t\t\t\t\t<img decoding=\"async\" src=\"https:\/\/sf.ues.rs.ba\/cir\/wp-content\/plugins\/master-slider\/public\/assets\/css\/blank.gif\" alt=\"\" title=\"\" data-src=\"https:\/\/sf.ues.rs.ba\/cir\/wp-content\/uploads\/2023\/09\/IMG_2974-scaled-1000x500.jpg\" \/>\n\n\n\t<div class=\"ms-thumb\" ><div class=\"ms-tab-context\"><div class=\"&quot;ms-tab-context&quot;\"><\/div><\/div>\n<\/div>\n\t\t\t\t<\/div>\n\t\t\t\t<div  class=\"ms-slide\" data-delay=\"3\" data-fill-mode=\"fill\"  >\n\t\t\t\t\t<img decoding=\"async\" src=\"https:\/\/sf.ues.rs.ba\/cir\/wp-content\/plugins\/master-slider\/public\/assets\/css\/blank.gif\" alt=\"\" title=\"\" data-src=\"https:\/\/sf.ues.rs.ba\/cir\/wp-content\/uploads\/2023\/09\/IMG_2975-scaled-1000x500.jpg\" \/>\n\n\n\t<div class=\"ms-thumb\" ><div class=\"ms-tab-context\"><div class=\"&quot;ms-tab-context&quot;\"><\/div><\/div>\n<\/div>\n\t\t\t\t<\/div>\n\t\t\t\t<div  class=\"ms-slide\" data-delay=\"3\" data-fill-mode=\"fill\"  >\n\t\t\t\t\t<img decoding=\"async\" src=\"https:\/\/sf.ues.rs.ba\/cir\/wp-content\/plugins\/master-slider\/public\/assets\/css\/blank.gif\" alt=\"\" title=\"\" data-src=\"https:\/\/sf.ues.rs.ba\/cir\/wp-content\/uploads\/2023\/09\/IMG_2976-scaled-1000x500.jpg\" \/>\n\n\n\t<div class=\"ms-thumb\" ><div class=\"ms-tab-context\"><div class=\"&quot;ms-tab-context&quot;\"><\/div><\/div>\n<\/div>\n\t\t\t\t<\/div>\n\t\t\t\t<div  class=\"ms-slide\" data-delay=\"3\" data-fill-mode=\"fill\"  >\n\t\t\t\t\t<img decoding=\"async\" src=\"https:\/\/sf.ues.rs.ba\/cir\/wp-content\/plugins\/master-slider\/public\/assets\/css\/blank.gif\" alt=\"\" title=\"\" data-src=\"https:\/\/sf.ues.rs.ba\/cir\/wp-content\/uploads\/2023\/09\/IMG_2981-scaled-1000x500.jpg\" \/>\n\n\n\t<div class=\"ms-thumb\" ><div class=\"ms-tab-context\"><div class=\"&quot;ms-tab-context&quot;\"><\/div><\/div>\n<\/div>\n\t\t\t\t<\/div>\n\t\t\t\t<div  class=\"ms-slide\" data-delay=\"3\" data-fill-mode=\"fill\"  >\n\t\t\t\t\t<img decoding=\"async\" src=\"https:\/\/sf.ues.rs.ba\/cir\/wp-content\/plugins\/master-slider\/public\/assets\/css\/blank.gif\" alt=\"\" title=\"\" data-src=\"https:\/\/sf.ues.rs.ba\/cir\/wp-content\/uploads\/2023\/09\/IMG_2982-scaled-1000x500.jpg\" \/>\n\n\n\t<div class=\"ms-thumb\" ><div class=\"ms-tab-context\"><div class=\"&quot;ms-tab-context&quot;\"><\/div><\/div>\n<\/div>\n\t\t\t\t<\/div>\n\t\t\t\t<div  class=\"ms-slide\" data-delay=\"3\" data-fill-mode=\"fill\"  >\n\t\t\t\t\t<img decoding=\"async\" src=\"https:\/\/sf.ues.rs.ba\/cir\/wp-content\/plugins\/master-slider\/public\/assets\/css\/blank.gif\" alt=\"\" title=\"\" data-src=\"https:\/\/sf.ues.rs.ba\/cir\/wp-content\/uploads\/2023\/09\/IMG_2986-scaled-1000x500.jpg\" \/>\n\n\n\t<div class=\"ms-thumb\" ><div class=\"ms-tab-context\"><div class=\"&quot;ms-tab-context&quot;\"><\/div><\/div>\n<\/div>\n\t\t\t\t<\/div>\n\t\t\t\t<div  class=\"ms-slide\" data-delay=\"3\" data-fill-mode=\"fill\"  >\n\t\t\t\t\t<img decoding=\"async\" src=\"https:\/\/sf.ues.rs.ba\/cir\/wp-content\/plugins\/master-slider\/public\/assets\/css\/blank.gif\" alt=\"\" title=\"\" data-src=\"https:\/\/sf.ues.rs.ba\/cir\/wp-content\/uploads\/2023\/09\/IMG_2987-scaled-1000x500.jpg\" \/>\n\n\n\t<div class=\"ms-thumb\" ><div class=\"ms-tab-context\"><div class=\"&quot;ms-tab-context&quot;\"><\/div><\/div>\n<\/div>\n\t\t\t\t<\/div>\n\t\t\t\t<div  class=\"ms-slide\" data-delay=\"3\" data-fill-mode=\"fill\"  >\n\t\t\t\t\t<img decoding=\"async\" src=\"https:\/\/sf.ues.rs.ba\/cir\/wp-content\/plugins\/master-slider\/public\/assets\/css\/blank.gif\" alt=\"\" title=\"\" data-src=\"https:\/\/sf.ues.rs.ba\/cir\/wp-content\/uploads\/2023\/09\/IMG_2988-scaled-1000x500.jpg\" \/>\n\n\n\t<div class=\"ms-thumb\" ><div class=\"ms-tab-context\"><div class=\"&quot;ms-tab-context&quot;\"><\/div><\/div>\n<\/div>\n\t\t\t\t<\/div>\n\t\t\t\t<div  class=\"ms-slide\" data-delay=\"3\" data-fill-mode=\"fill\"  >\n\t\t\t\t\t<img decoding=\"async\" src=\"https:\/\/sf.ues.rs.ba\/cir\/wp-content\/plugins\/master-slider\/public\/assets\/css\/blank.gif\" alt=\"\" title=\"\" data-src=\"https:\/\/sf.ues.rs.ba\/cir\/wp-content\/uploads\/2023\/09\/IMG_2991-scaled-1000x500.jpg\" \/>\n\n\n\t<div class=\"ms-thumb\" ><div class=\"ms-tab-context\"><div class=\"&quot;ms-tab-context&quot;\"><\/div><\/div>\n<\/div>\n\t\t\t\t<\/div>\n\t\t\t\t<div  class=\"ms-slide\" data-delay=\"3\" data-fill-mode=\"fill\"  >\n\t\t\t\t\t<img decoding=\"async\" src=\"https:\/\/sf.ues.rs.ba\/cir\/wp-content\/plugins\/master-slider\/public\/assets\/css\/blank.gif\" alt=\"\" title=\"\" data-src=\"https:\/\/sf.ues.rs.ba\/cir\/wp-content\/uploads\/2023\/09\/IMG_2992-scaled-1000x500.jpg\" \/>\n\n\n\t<div class=\"ms-thumb\" ><div class=\"ms-tab-context\"><div class=\"&quot;ms-tab-context&quot;\"><\/div><\/div>\n<\/div>\n\t\t\t\t<\/div>\n\t\t\t\t<div  class=\"ms-slide\" data-delay=\"3\" data-fill-mode=\"fill\"  >\n\t\t\t\t\t<img decoding=\"async\" src=\"https:\/\/sf.ues.rs.ba\/cir\/wp-content\/plugins\/master-slider\/public\/assets\/css\/blank.gif\" alt=\"\" title=\"\" data-src=\"https:\/\/sf.ues.rs.ba\/cir\/wp-content\/uploads\/2023\/09\/IMG_2993-scaled-1000x500.jpg\" \/>\n\n\n\t<div class=\"ms-thumb\" ><div class=\"ms-tab-context\"><div class=\"&quot;ms-tab-context&quot;\"><\/div><\/div>\n<\/div>\n\t\t\t\t<\/div>\n\t\t\t\t<div  class=\"ms-slide\" data-delay=\"3\" data-fill-mode=\"fill\"  >\n\t\t\t\t\t<img decoding=\"async\" src=\"https:\/\/sf.ues.rs.ba\/cir\/wp-content\/plugins\/master-slider\/public\/assets\/css\/blank.gif\" alt=\"\" title=\"\" data-src=\"https:\/\/sf.ues.rs.ba\/cir\/wp-content\/uploads\/2023\/09\/IMG_2994-scaled-1000x500.jpg\" \/>\n\n\n\t<div class=\"ms-thumb\" ><div class=\"ms-tab-context\"><div class=\"&quot;ms-tab-context&quot;\"><\/div><\/div>\n<\/div>\n\t\t\t\t<\/div>\n\t\t\t\t<div  class=\"ms-slide\" data-delay=\"3\" data-fill-mode=\"fill\"  >\n\t\t\t\t\t<img decoding=\"async\" src=\"https:\/\/sf.ues.rs.ba\/cir\/wp-content\/plugins\/master-slider\/public\/assets\/css\/blank.gif\" alt=\"\" title=\"\" data-src=\"https:\/\/sf.ues.rs.ba\/cir\/wp-content\/uploads\/2023\/09\/IMG_3000-scaled-1000x500.jpg\" \/>\n\n\n\t<div class=\"ms-thumb\" ><div class=\"ms-tab-context\"><div class=\"&quot;ms-tab-context&quot;\"><\/div><\/div>\n<\/div>\n\t\t\t\t<\/div>\n\t\t\t\t<div  class=\"ms-slide\" data-delay=\"3\" data-fill-mode=\"fill\"  >\n\t\t\t\t\t<img decoding=\"async\" src=\"https:\/\/sf.ues.rs.ba\/cir\/wp-content\/plugins\/master-slider\/public\/assets\/css\/blank.gif\" alt=\"\" title=\"\" data-src=\"https:\/\/sf.ues.rs.ba\/cir\/wp-content\/uploads\/2023\/09\/IMG_3003-scaled-1000x500.jpg\" \/>\n\n\n\t<div class=\"ms-thumb\" ><div class=\"ms-tab-context\"><div class=\"&quot;ms-tab-context&quot;\"><\/div><\/div>\n<\/div>\n\t\t\t\t<\/div>\n\t\t\t\t<div  class=\"ms-slide\" data-delay=\"3\" data-fill-mode=\"fill\"  >\n\t\t\t\t\t<img decoding=\"async\" src=\"https:\/\/sf.ues.rs.ba\/cir\/wp-content\/plugins\/master-slider\/public\/assets\/css\/blank.gif\" alt=\"\" title=\"\" data-src=\"https:\/\/sf.ues.rs.ba\/cir\/wp-content\/uploads\/2023\/09\/IMG_3004-scaled-1000x500.jpg\" \/>\n\n\n\t<div class=\"ms-thumb\" ><div class=\"ms-tab-context\"><div class=\"&quot;ms-tab-context&quot;\"><\/div><\/div>\n<\/div>\n\t\t\t\t<\/div>\n\n\t\t\t<\/div>\n\t\t\t<!-- END MasterSlider Main -->\n\n\t\t\t \n\t\t<\/div>\n\t\t<!-- END MasterSlider -->\n\n\t\t<script>\n\t\t(function ( $ ) {\n\t\t\t\"use strict\";\n\n\t\t\t$(function () {\n\t\t\t\tvar masterslider_222d = new MasterSlider();\n\n\t\t\t\t\/\/ slider controls\n\t\t\t\tmasterslider_222d.control('arrows'     ,{ autohide:true, overVideo:true  });\n\t\t\t\t\/\/ slider setup\n\t\t\t\tmasterslider_222d.setup(\"MS69f26e251222d\", {\n\t\t\t\t\t\twidth           : 1000,\n\t\t\t\t\t\theight          : 500,\n\t\t\t\t\t\tminHeight       : 0,\n\t\t\t\t\t\tspace           : 0,\n\t\t\t\t\t\tstart           : 1,\n\t\t\t\t\t\tgrabCursor      : true,\n\t\t\t\t\t\tswipe           : true,\n\t\t\t\t\t\tmouse           : true,\n\t\t\t\t\t\tlayout          : \"boxed\",\n\t\t\t\t\t\twheel           : false,\n\t\t\t\t\t\tautoplay        : false,\n\t\t\t\t\t\tinstantStartLayers:false,\n\t\t\t\t\t\tloop            : false,\n\t\t\t\t\t\tshuffle         : false,\n\t\t\t\t\t\tpreload         : 0,\n\t\t\t\t\t\theightLimit     : true,\n\t\t\t\t\t\tautoHeight      : true,\n\t\t\t\t\t\tsmoothHeight    : true,\n\t\t\t\t\t\tendPause        : false,\n\t\t\t\t\t\toverPause       : true,\n\t\t\t\t\t\tfillMode        : \"fill\",\n\t\t\t\t\t\tcenterControls  : true,\n\t\t\t\t\t\tstartOnAppear   : false,\n\t\t\t\t\t\tlayersMode      : \"center\",\n\t\t\t\t\t\thideLayers      : false,\n\t\t\t\t\t\tfullscreenMargin: 0,\n\t\t\t\t\t\tspeed           : 20,\n\t\t\t\t\t\tdir             : \"h\",\n\t\t\t\t\t\tparallaxMode    : 'swipe',\n\t\t\t\t\t\tview            : \"basic\"\n\t\t\t\t});\n\n\t\t\t\t\n\t\t\t\twindow.masterslider_instances = window.masterslider_instances || [];\n\t\t\t\twindow.masterslider_instances.push( masterslider_222d );\n\t\t\t });\n\n\t\t})(jQuery);\n\t\t<\/script>\n\n\n\n\n\n<p><\/p>\n\n\n\n<p><\/p>\n\n\n\n<p><\/p>\n\n\n\n<p><strong>PROJECT TEAM APPROVAL<\/strong><\/p>\n\n\n\n<p><strong>ERASMUS-EDU-2022-CBHE-STRAND-2<\/strong><\/p>\n\n\n\n<p><strong>Project title: Transport of Dangerous Goods &#8211; Modernization of Curricula and Development of Trainings for Professionals in the Western Balkans HEIs \u2013 ID: 101082187<\/strong><\/p>\n\n\n\n<p>Project team of the University of East Sarajevo in Sarajevo, Bosnia and Herzegovina for the abovementioned project is consisted of:<\/p>\n\n\n\n<figure class=\"wp-block-table\"><table><tbody><tr><td>&nbsp;<\/td><td>Name and Surname<\/td><td>Role at UES<\/td><td>Project Role<\/td><\/tr><tr><td>1.<\/td><td>Prof. Slobodan Lubura<\/td><td>Professor at Automation and Electronic department<\/td><td>Manager<\/td><\/tr><tr><td>2.<\/td><td>Associate prof.&nbsp; Bo\u017eidar Popovi\u0107<\/td><td>Professor at Automation and Electronic department<\/td><td>Researcher, Teacher, Trainer<\/td><\/tr><tr><td>3.<\/td><td>Associate prof. Miroslav Kostadinovi\u0107<\/td><td>Professor at Information and Communication Systems in Traffic department<\/td><td>Researcher, Teacher, Trainer<\/td><\/tr><tr><td>4.<\/td><td>Associate prof. Zoran \u0106urguz<\/td><td>Professor at Emission of Polluting Particles from Transport<\/td><td>Researcher, Teacher, Trainer<\/td><\/tr><tr><td>5.<\/td><td>Associate prof. Bojan &nbsp;Mari\u0107<\/td><td>Professor at Transport and Traffic Engineering<\/td><td>Researcher, Teacher, Trainer<\/td><\/tr><tr><td>6.<\/td><td>Full Associate prof. Tihomir \u0110uri\u0107<\/td><td>Professor at Transport and Traffic Engineering<\/td><td>Researcher, Teacher, Trainer<\/td><\/tr><tr><td>7.<\/td><td>Asocciate prof. Aleksandar Stjepanovi\u0107<\/td><td>Professor at Information and Communication Systems in Traffic department<\/td><td>Researcher, Teacher, Trainer<\/td><\/tr><tr><td>8.<\/td><td>Associate prof. Gordana Jotanovi\u0107<\/td><td>Professor at Information and Communication Systems in Traffic department<\/td><td>Researcher, Teacher, Trainer<\/td><\/tr><tr><td>9.<\/td><td>Asocciate prof. Dragana Nedi\u0107<\/td><td>Professor at Statistical Processing and Data Analysis<\/td><td>Researcher, Teacher, Trainer<\/td><\/tr><tr><td>10.<\/td><td>Associate prof. \u017deljko Stjepanovi\u0107<\/td><td>Professor at Economic Indicators of Sustainable Transport<\/td><td>Researcher, Teacher, Trainer<\/td><\/tr><tr><td>11.<\/td><td>Assistant prof. Goran Jau\u0161evac<\/td><td>Professor at Information and Communication Systems in Traffic department<\/td><td>Researcher, Teacher, Trainer<\/td><\/tr><tr><td>12.<\/td><td>Assistant prof. Mirko Stoj\u010di\u0107<\/td><td>Professor at Information and Communication Systems in Traffic department<\/td><td>Researcher, Teacher, Trainer<\/td><\/tr><tr><td>13.<\/td><td>Assistant prof. Goran Kuzmi\u0107<\/td><td>Professor at Information and Communication Systems in Traffic department<\/td><td>Researcher, Teacher, Trainer<\/td><\/tr><tr><td>14.<\/td><td>Assistant prof. Sini\u0161a Bo\u017ei\u010dkovi\u0107<\/td><td>Professor at Evaluation of the Financial Value of Transport<\/td><td>Technical Staff<\/td><\/tr><tr><td>15.<\/td><td>Assist. prof. Dr. Nikola Davidovi\u0107<\/td><td>Professor at Computer science department<\/td><td>Technical Staff<\/td><\/tr><tr><td>16.<\/td><td>MScEE Vladimir Mal\u010di\u0107<\/td><td>Senior teaching assistant at Transport and Traffic Engineering<\/td><td>Technical Staff<\/td><\/tr><\/tbody><\/table><\/figure>\n\n\n\n<p><\/p>\n\n\n\n<p>Kick-off meeting of the CBHE project Transport of Dangerous Goods \u2013 Modernization of Curricula and Development for Professionals in the Western Balkans HEIs was held at the University of Pristina in Kosovska Mitrovica on Tuesday and Wednesday, 28th of February and 1st of March 2023.<\/p>\n\n\n\n<p>All the project partners were present on the initial meetings where planned activities were discussed thoroughly in order to ensure consolidation of all the projects partners.<\/p>\n\n\n\n<h4 class=\"wp-block-heading\">The kick-off meeting agenda can be found here.<\/h4>\n\n\n\n<p><a href=\"https:\/\/dgtrans.pr.ac.rs\/the-kick-off-meeting-of-the-dgtrans-project-will-be-held-on-28-february-and-1-march-2023-at-the-university-of-mitrovica\/\">https:\/\/dgtrans.pr.ac.rs\/the-kick-off-meeting-of-the-dgtrans-project-will-be-held-on-28-february-and-1-march-2023-at-the-university-of-mitrovica\/<\/a><\/p>\n\n\n\n<p>The meeting received media coverage with local and national television channels and press release.<\/p>\n\n\n\n<p><a href=\"https:\/\/dgtrans.pr.ac.rs\/dissemination\/radio-television-videos\/\"><\/a><\/p>\n\n\n\n<h6 class=\"wp-block-heading\"><a href=\"https:\/\/dgtrans.pr.ac.rs\/dissemination\/radio-television-videos\/\">https:\/\/dgtrans.pr.ac.rs\/dissemination\/radio-television-videos\/<\/a><\/h6>\n","protected":false},"excerpt":{"rendered":"<p>\u0423 \u0441\u043a\u043b\u043e\u043f\u0443 \u043f\u0440\u043e\u0458\u0435\u043a\u0442\u0430 DGTRANS (\u0422\u0440\u0430\u043d\u0441\u043f\u043e\u0440\u0442 \u041e\u043f\u0430\u0441\u043d\u0438\u0445 \u041c\u0430\u0442\u0435\u0440\u0438\u0458\u0430) \u043e\u0434\u0440\u0436\u0430\u043d \u0458\u0435 \u0441\u0430\u0441\u0442\u0430\u043d\u0430\u043a \u0441\u0430 \u043f\u0440\u0435\u0434\u0443\u0437\u0435\u045b\u0438\u043c\u0430 \u0438\u0437 \u043e\u0431\u043b\u0430\u0441\u0442\u0438 \u0442\u0440\u0430\u043d\u0441\u043f\u043e\u0440\u0442\u0430 \u043e\u043f\u0430\u0441\u043d\u0438\u0445 \u043c\u0430\u0442\u0435\u0440\u0438\u0458\u0430 \u043d\u0430 \u043f\u0440\u043e\u0441\u0442\u043e\u0440\u0443 \u0411\u0438\u0425. Erasmus + \u041f\u0440\u043e\u0458\u0435\u043a\u0442 DGTRANS \u0437\u0430 \u0446\u0438\u0459 \u0438\u043c\u0430 \u0443\u043d\u0430\u043f\u0440\u0435\u0452\u0435\u045a\u0435 \u0441\u0438\u0433\u0443\u0440\u043d\u043e\u0441\u0442\u0438 \u0438 \u0431\u0435\u0437\u0431\u0458\u0435\u0434\u043d\u043e\u0441\u0442\u0438 \u0442\u0440\u0430\u043d\u0441\u043f\u043e\u0440\u0442\u0430 \u043e\u043f\u0430\u0441\u043d\u0438\u0445 \u043c\u0430\u0442\u0435\u0440\u0438\u0458\u0430 \u043d\u0430 \u043f\u0440\u043e\u0441\u0442\u043e\u0440\u0438\u043c\u0430 \u0411\u0438\u0425, \u0417\u0430\u043f\u0430\u0434\u043d\u043e\u043c \u0411\u0430\u043b\u043a\u0430\u043d\u0443 \u0438 \u0415\u0423. \u0412\u043e\u0434\u0438\u0442\u0435\u0459 \u043f\u0440\u043e\u0458\u0435\u043a\u0442\u0430 \u041f\u0440\u043e\u0444.\u0434\u0440. \u041e\u0441\u043c\u0430\u043d \u041b\u0438\u043d\u0434\u043e\u0432 \u0438\u0437\u0440\u0430\u0437\u0438\u043e \u0458\u0435 \u0437\u0430\u0434\u043e\u0432\u043e\u0459\u0441\u0442\u0432\u043e \u0443 \u043f\u043e\u0433\u043b\u0435\u0434\u0443 \u0441\u0430\u0440\u0430\u0434\u045a\u0435 \u0441\u0430 \u043a\u043e\u043b\u0435\u0433\u0430\u043c\u0430 \u0438\u0437 [&hellip;]<\/p>\n","protected":false},"author":3,"featured_media":0,"parent":0,"menu_order":0,"comment_status":"closed","ping_status":"closed","template":"","meta":{"footnotes":""},"class_list":["post-34911","page","type-page","status-publish","hentry"],"_links":{"self":[{"href":"https:\/\/sf.ues.rs.ba\/cir\/index.php?rest_route=\/wp\/v2\/pages\/34911","targetHints":{"allow":["GET"]}}],"collection":[{"href":"https:\/\/sf.ues.rs.ba\/cir\/index.php?rest_route=\/wp\/v2\/pages"}],"about":[{"href":"https:\/\/sf.ues.rs.ba\/cir\/index.php?rest_route=\/wp\/v2\/types\/page"}],"author":[{"embeddable":true,"href":"https:\/\/sf.ues.rs.ba\/cir\/index.php?rest_route=\/wp\/v2\/users\/3"}],"replies":[{"embeddable":true,"href":"https:\/\/sf.ues.rs.ba\/cir\/index.php?rest_route=%2Fwp%2Fv2%2Fcomments&post=34911"}],"version-history":[{"count":13,"href":"https:\/\/sf.ues.rs.ba\/cir\/index.php?rest_route=\/wp\/v2\/pages\/34911\/revisions"}],"predecessor-version":[{"id":36359,"href":"https:\/\/sf.ues.rs.ba\/cir\/index.php?rest_route=\/wp\/v2\/pages\/34911\/revisions\/36359"}],"wp:attachment":[{"href":"https:\/\/sf.ues.rs.ba\/cir\/index.php?rest_route=%2Fwp%2Fv2%2Fmedia&parent=34911"}],"curies":[{"name":"wp","href":"https:\/\/api.w.org\/{rel}","templated":true}]}}